{"id":52180,"date":"2026-04-02T01:43:46","date_gmt":"2026-04-02T04:43:46","guid":{"rendered":"https:\/\/tupungato.gov.ar\/?page_id=52180"},"modified":"2026-04-13T10:24:21","modified_gmt":"2026-04-13T13:24:21","slug":"turismo-nuevo","status":"publish","type":"page","link":"https:\/\/tupungato.gov.ar\/?page_id=52180","title":{"rendered":"Turismo nuevo"},"content":{"rendered":"\t\t<div data-elementor-type=\"wp-page\" data-elementor-id=\"52180\" class=\"elementor elementor-52180\" data-elementor-post-type=\"page\">\n\t\t\t\t<div class=\"elementor-element elementor-element-0733ca7 e-flex e-con-boxed e-con e-parent\" data-id=\"0733ca7\" data-element_type=\"container\" data-e-type=\"container\">\n\t\t\t\t\t<div class=\"e-con-inner\">\n\t\t<div class=\"elementor-element elementor-element-aa8b317 e-con-full e-flex e-con e-child\" data-id=\"aa8b317\" data-element_type=\"container\" data-e-type=\"container\">\n\t\t\t\t<div class=\"elementor-element elementor-element-032f54c elementor-widget elementor-widget-image\" data-id=\"032f54c\" data-element_type=\"widget\" data-e-type=\"widget\" data-widget_type=\"image.default\">\n\t\t\t\t<div class=\"elementor-widget-container\">\n\t\t\t\t\t\t\t\t\t\t\t\t\t\t\t<img fetchpriority=\"high\" decoding=\"async\" width=\"1413\" height=\"1237\" src=\"https:\/\/tupungato.gov.ar\/wp-content\/uploads\/2026\/04\/23-e1775824374707.png\" class=\"attachment-full size-full wp-image-52411\" alt=\"\" srcset=\"https:\/\/tupungato.gov.ar\/wp-content\/uploads\/2026\/04\/23-e1775824374707.png 1413w, https:\/\/tupungato.gov.ar\/wp-content\/uploads\/2026\/04\/23-e1775824374707-300x263.png 300w, https:\/\/tupungato.gov.ar\/wp-content\/uploads\/2026\/04\/23-e1775824374707-1024x896.png 1024w, https:\/\/tupungato.gov.ar\/wp-content\/uploads\/2026\/04\/23-e1775824374707-768x672.png 768w\" sizes=\"(max-width: 1413px) 100vw, 1413px\" \/>\t\t\t\t\t\t\t\t\t\t\t\t\t\t\t<\/div>\n\t\t\t\t<\/div>\n\t\t\t\t<\/div>\n\t\t\t\t\t<\/div>\n\t\t\t\t<\/div>\n\t\t<div class=\"elementor-element elementor-element-fdd287c e-flex e-con-boxed e-con e-parent\" data-id=\"fdd287c\" data-element_type=\"container\" data-e-type=\"container\">\n\t\t\t\t\t<div class=\"e-con-inner\">\n\t\t<div class=\"elementor-element elementor-element-a671b0b e-con-full e-flex e-con e-child\" data-id=\"a671b0b\" data-element_type=\"container\" data-e-type=\"container\">\n\t\t<div class=\"elementor-element elementor-element-2f927f8 e-con-full e-flex e-con e-child\" data-id=\"2f927f8\" data-element_type=\"container\" data-e-type=\"container\">\n\t\t\t\t<div class=\"elementor-element elementor-element-160bd85 elementor-widget__width-initial elementor-widget-mobile__width-initial elementor-widget elementor-widget-heading\" data-id=\"160bd85\" data-element_type=\"widget\" data-e-type=\"widget\" data-widget_type=\"heading.default\">\n\t\t\t\t<div class=\"elementor-widget-container\">\n\t\t\t\t\t<h2 class=\"elementor-heading-title elementor-size-default\">Seleccion\u00e1 tu idioma<\/h2>\t\t\t\t<\/div>\n\t\t\t\t<\/div>\n\t\t\t\t<\/div>\n\t\t\t\t<\/div>\n\t\t<div class=\"elementor-element elementor-element-56262f9 e-con-full e-flex e-con e-child\" data-id=\"56262f9\" data-element_type=\"container\" data-e-type=\"container\">\n\t\t\t\t<div class=\"elementor-element elementor-element-3a1b769 elementor-align-justify elementor-mobile-align-justify elementor-widget elementor-widget-button\" data-id=\"3a1b769\" data-element_type=\"widget\" data-e-type=\"widget\" data-widget_type=\"button.default\">\n\t\t\t\t<div class=\"elementor-widget-container\">\n\t\t\t\t\t\t\t\t\t<div class=\"elementor-button-wrapper\">\n\t\t\t\t\t<a class=\"elementor-button elementor-button-link elementor-size-sm\" href=\"https:\/\/tupungato.gov.ar\/?page_id=52452\">\n\t\t\t\t\t\t<span class=\"elementor-button-content-wrapper\">\n\t\t\t\t\t\t<span class=\"elementor-button-icon\">\n\t\t\t\t<svg xmlns=\"http:\/\/www.w3.org\/2000\/svg\" width=\"48\" height=\"48\" viewBox=\"0 0 36 36\"><path fill=\"#C60A1D\" d=\"M36 27a4 4 0 0 1-4 4H4a4 4 0 0 1-4-4V9a4 4 0 0 1 4-4h28a4 4 0 0 1 4 4v18z\"><\/path><path fill=\"#FFC400\" d=\"M0 12h36v12H0z\"><\/path><path fill=\"#EA596E\" d=\"M9 17v3a3 3 0 1 0 6 0v-3H9z\"><\/path><path fill=\"#F4A2B2\" d=\"M12 16h3v3h-3z\"><\/path><path fill=\"#DD2E44\" d=\"M9 16h3v3H9z\"><\/path><ellipse cx=\"12\" cy=\"14.5\" fill=\"#EA596E\" rx=\"3\" ry=\"1.5\"><\/ellipse><ellipse cx=\"12\" cy=\"13.75\" fill=\"#FFAC33\" rx=\"3\" ry=\".75\"><\/ellipse><path fill=\"#99AAB5\" d=\"M7 16h1v7H7zm9 0h1v7h-1z\"><\/path><path fill=\"#66757F\" d=\"M6 22h3v1H6zm9 0h3v1h-3zm-8-7h1v1H7zm9 0h1v1h-1z\"><\/path><\/svg>\t\t\t<\/span>\n\t\t\t\t\t\t\t\t\t<span class=\"elementor-button-text\">Espa\u00f1ol<\/span>\n\t\t\t\t\t<\/span>\n\t\t\t\t\t<\/a>\n\t\t\t\t<\/div>\n\t\t\t\t\t\t\t\t<\/div>\n\t\t\t\t<\/div>\n\t\t\t\t<\/div>\n\t\t<div class=\"elementor-element elementor-element-3d8a45b e-con-full e-flex e-con e-child\" data-id=\"3d8a45b\" data-element_type=\"container\" data-e-type=\"container\">\n\t\t\t\t<div class=\"elementor-element elementor-element-bc26baf elementor-align-justify elementor-mobile-align-justify elementor-widget elementor-widget-button\" data-id=\"bc26baf\" data-element_type=\"widget\" data-e-type=\"widget\" data-widget_type=\"button.default\">\n\t\t\t\t<div class=\"elementor-widget-container\">\n\t\t\t\t\t\t\t\t\t<div class=\"elementor-button-wrapper\">\n\t\t\t\t\t<a class=\"elementor-button elementor-button-link elementor-size-sm\" href=\"#\">\n\t\t\t\t\t\t<span class=\"elementor-button-content-wrapper\">\n\t\t\t\t\t\t<span class=\"elementor-button-icon\">\n\t\t\t\t<svg xmlns=\"http:\/\/www.w3.org\/2000\/svg\" width=\"48\" height=\"48\" viewBox=\"0 0 36 36\"><path fill=\"#B22334\" d=\"M35.445 7C34.752 5.809 33.477 5 32 5H18v2h17.445zM0 25h36v2H0zm18-8h18v2H18zm0-4h18v2H18zM0 21h36v2H0zm4 10h28c1.477 0 2.752-.809 3.445-2H.555c.693 1.191 1.968 2 3.445 2zM18 9h18v2H18z\"><\/path><path fill=\"#EEE\" d=\"M.068 27.679c.017.093.036.186.059.277c.026.101.058.198.092.296c.089.259.197.509.333.743L.555 29h34.89l.002-.004a4.22 4.22 0 0 0 .332-.741a3.75 3.75 0 0 0 .152-.576c.041-.22.069-.446.069-.679H0c0 .233.028.458.068.679zM0 23h36v2H0zm0-4v2h36v-2H18zm18-4h18v2H18zm0-4h18v2H18zM0 9zm.555-2l-.003.005L.555 7zM.128 8.044c.025-.102.06-.199.092-.297a3.78 3.78 0 0 0-.092.297zM18 9h18c0-.233-.028-.459-.069-.68a3.606 3.606 0 0 0-.153-.576A4.21 4.21 0 0 0 35.445 7H18v2z\"><\/path><path fill=\"#3C3B6E\" d=\"M18 5H4a4 4 0 0 0-4 4v10h18V5z\"><\/path><path fill=\"#FFF\" d=\"M2.001 7.726l.618.449l-.236.725L3 8.452l.618.448l-.236-.725L4 7.726h-.764L3 7l-.235.726zm2 2l.618.449l-.236.725l.617-.448l.618.448l-.236-.725L6 9.726h-.764L5 9l-.235.726zm4 0l.618.449l-.236.725l.617-.448l.618.448l-.236-.725l.618-.449h-.764L9 9l-.235.726zm4 0l.618.449l-.236.725l.617-.448l.618.448l-.236-.725l.618-.449h-.764L13 9l-.235.726zm-8 4l.618.449l-.236.725l.617-.448l.618.448l-.236-.725l.618-.449h-.764L5 13l-.235.726zm4 0l.618.449l-.236.725l.617-.448l.618.448l-.236-.725l.618-.449h-.764L9 13l-.235.726zm4 0l.618.449l-.236.725l.617-.448l.618.448l-.236-.725l.618-.449h-.764L13 13l-.235.726zm-6-6l.618.449l-.236.725L7 8.452l.618.448l-.236-.725L8 7.726h-.764L7 7l-.235.726zm4 0l.618.449l-.236.725l.617-.448l.618.448l-.236-.725l.618-.449h-.764L11 7l-.235.726zm4 0l.618.449l-.236.725l.617-.448l.618.448l-.236-.725l.618-.449h-.764L15 7l-.235.726zm-12 4l.618.449l-.236.725l.617-.448l.618.448l-.236-.725l.618-.449h-.764L3 11l-.235.726zM6.383 12.9L7 12.452l.618.448l-.236-.725l.618-.449h-.764L7 11l-.235.726h-.764l.618.449zm3.618-1.174l.618.449l-.236.725l.617-.448l.618.448l-.236-.725l.618-.449h-.764L11 11l-.235.726zm4 0l.618.449l-.236.725l.617-.448l.618.448l-.236-.725l.618-.449h-.764L15 11l-.235.726zm-12 4l.618.449l-.236.725l.617-.448l.618.448l-.236-.725l.618-.449h-.764L3 15l-.235.726zM6.383 16.9L7 16.452l.618.448l-.236-.725l.618-.449h-.764L7 15l-.235.726h-.764l.618.449zm3.618-1.174l.618.449l-.236.725l.617-.448l.618.448l-.236-.725l.618-.449h-.764L11 15l-.235.726zm4 0l.618.449l-.236.725l.617-.448l.618.448l-.236-.725l.618-.449h-.764L15 15l-.235.726z\"><\/path><\/svg>\t\t\t<\/span>\n\t\t\t\t\t\t\t\t\t<span class=\"elementor-button-text\">Ingl\u00e9s<\/span>\n\t\t\t\t\t<\/span>\n\t\t\t\t\t<\/a>\n\t\t\t\t<\/div>\n\t\t\t\t\t\t\t\t<\/div>\n\t\t\t\t<\/div>\n\t\t\t\t<\/div>\n\t\t<div class=\"elementor-element elementor-element-6674895 e-con-full e-flex e-con e-child\" data-id=\"6674895\" data-element_type=\"container\" data-e-type=\"container\">\n\t\t\t\t<div class=\"elementor-element elementor-element-4776146 elementor-align-justify elementor-mobile-align-justify elementor-widget elementor-widget-button\" data-id=\"4776146\" data-element_type=\"widget\" data-e-type=\"widget\" data-widget_type=\"button.default\">\n\t\t\t\t<div class=\"elementor-widget-container\">\n\t\t\t\t\t\t\t\t\t<div class=\"elementor-button-wrapper\">\n\t\t\t\t\t<a class=\"elementor-button elementor-button-link elementor-size-sm\" href=\"#\">\n\t\t\t\t\t\t<span class=\"elementor-button-content-wrapper\">\n\t\t\t\t\t\t<span class=\"elementor-button-icon\">\n\t\t\t\t<svg xmlns=\"http:\/\/www.w3.org\/2000\/svg\" width=\"48\" height=\"48\" viewBox=\"0 0 36 36\"><path fill=\"#009B3A\" d=\"M36 27a4 4 0 0 1-4 4H4a4 4 0 0 1-4-4V9a4 4 0 0 1 4-4h28a4 4 0 0 1 4 4v18z\"><\/path><path fill=\"#FEDF01\" d=\"M32.728 18L18 29.124L3.272 18L18 6.875z\"><\/path><circle cx=\"17.976\" cy=\"17.924\" r=\"6.458\" fill=\"#002776\"><\/circle><path fill=\"#CBE9D4\" d=\"M12.277 14.887a6.406 6.406 0 0 0-.672 2.023c3.995-.29 9.417 1.891 11.744 4.595c.402-.604.7-1.28.883-2.004c-2.872-2.808-7.917-4.63-11.955-4.614z\"><\/path><path fill=\"#88C9F9\" d=\"M12 18.233h1v1h-1zm1 2h1v1h-1z\"><\/path><path fill=\"#55ACEE\" d=\"M15 18.233h1v1h-1zm2 1h1v1h-1zm4 2h1v1h-1zm-3 1h1v1h-1zm3-6h1v1h-1z\"><\/path><path fill=\"#3B88C3\" d=\"M19 20.233h1v1h-1z\"><\/path><\/svg>\t\t\t<\/span>\n\t\t\t\t\t\t\t\t\t<span class=\"elementor-button-text\">Portugues<\/span>\n\t\t\t\t\t<\/span>\n\t\t\t\t\t<\/a>\n\t\t\t\t<\/div>\n\t\t\t\t\t\t\t\t<\/div>\n\t\t\t\t<\/div>\n\t\t\t\t<\/div>\n\t\t\t\t\t<\/div>\n\t\t\t\t<\/div>\n\t\t<div class=\"elementor-element elementor-element-5938de9 e-flex e-con-boxed e-con e-parent\" data-id=\"5938de9\" data-element_type=\"container\" data-e-type=\"container\">\n\t\t\t\t\t<div class=\"e-con-inner\">\n\t\t\t\t\t<\/div>\n\t\t\t\t<\/div>\n\t\t\t\t<\/div>\n\t\t","protected":false},"excerpt":{"rendered":"<p>Seleccion\u00e1 tu idioma Espa\u00f1ol Ingl\u00e9s Portugues<\/p>\n","protected":false},"author":1,"featured_media":0,"parent":0,"menu_order":0,"comment_status":"closed","ping_status":"closed","template":"","meta":{"_acf_changed":false,"site-sidebar-layout":"no-sidebar","site-content-layout":"","ast-site-content-layout":"full-width-container","site-content-style":"default","site-sidebar-style":"default","ast-global-header-display":"","ast-banner-title-visibility":"","ast-main-header-display":"","ast-hfb-above-header-display":"","ast-hfb-below-header-display":"","ast-hfb-mobile-header-display":"","site-post-title":"disabled","ast-breadcrumbs-content":"","ast-featured-img":"disabled","footer-sml-layout":"","ast-disable-related-posts":"","theme-transparent-header-meta":"","adv-header-id-meta":"","stick-header-meta":"","header-above-stick-meta":"","header-main-stick-meta":"","header-below-stick-meta":"","astra-migrate-meta-layouts":"default","ast-page-background-enabled":"default","ast-page-background-meta":{"desktop":{"background-color":"var(--ast-global-color-4)","background-image":"","background-repeat":"repeat","background-position":"center center","background-size":"auto","background-attachment":"scroll","background-type":"","background-media":"","overlay-type":"","overlay-color":"","overlay-opacity":"","overlay-gradient":""},"tablet":{"background-color":"","background-image":"","background-repeat":"repeat","background-position":"center center","background-size":"auto","background-attachment":"scroll","background-type":"","background-media":"","overlay-type":"","overlay-color":"","overlay-opacity":"","overlay-gradient":""},"mobile":{"background-color":"","background-image":"","background-repeat":"repeat","background-position":"center center","background-size":"auto","background-attachment":"scroll","background-type":"","background-media":"","overlay-type":"","overlay-color":"","overlay-opacity":"","overlay-gradient":""}},"ast-content-background-meta":{"desktop":{"background-color":"var(--ast-global-color-5)","background-image":"","background-repeat":"repeat","background-position":"center center","background-size":"auto","background-attachment":"scroll","background-type":"","background-media":"","overlay-type":"","overlay-color":"","overlay-opacity":"","overlay-gradient":""},"tablet":{"background-color":"var(--ast-global-color-5)","background-image":"","background-repeat":"repeat","background-position":"center center","background-size":"auto","background-attachment":"scroll","background-type":"","background-media":"","overlay-type":"","overlay-color":"","overlay-opacity":"","overlay-gradient":""},"mobile":{"background-color":"var(--ast-global-color-5)","background-image":"","background-repeat":"repeat","background-position":"center center","background-size":"auto","background-attachment":"scroll","background-type":"","background-media":"","overlay-type":"","overlay-color":"","overlay-opacity":"","overlay-gradient":""}},"footnotes":""},"class_list":["post-52180","page","type-page","status-publish","hentry"],"acf":[],"_links":{"self":[{"href":"https:\/\/tupungato.gov.ar\/index.php?rest_route=\/wp\/v2\/pages\/52180","targetHints":{"allow":["GET"]}}],"collection":[{"href":"https:\/\/tupungato.gov.ar\/index.php?rest_route=\/wp\/v2\/pages"}],"about":[{"href":"https:\/\/tupungato.gov.ar\/index.php?rest_route=\/wp\/v2\/types\/page"}],"author":[{"embeddable":true,"href":"https:\/\/tupungato.gov.ar\/index.php?rest_route=\/wp\/v2\/users\/1"}],"replies":[{"embeddable":true,"href":"https:\/\/tupungato.gov.ar\/index.php?rest_route=%2Fwp%2Fv2%2Fcomments&post=52180"}],"version-history":[{"count":148,"href":"https:\/\/tupungato.gov.ar\/index.php?rest_route=\/wp\/v2\/pages\/52180\/revisions"}],"predecessor-version":[{"id":52589,"href":"https:\/\/tupungato.gov.ar\/index.php?rest_route=\/wp\/v2\/pages\/52180\/revisions\/52589"}],"wp:attachment":[{"href":"https:\/\/tupungato.gov.ar\/index.php?rest_route=%2Fwp%2Fv2%2Fmedia&parent=52180"}],"curies":[{"name":"wp","href":"https:\/\/api.w.org\/{rel}","templated":true}]}}