{"id":50817,"date":"2025-12-16T13:01:51","date_gmt":"2025-12-16T16:01:51","guid":{"rendered":"https:\/\/tupungato.gov.ar\/?page_id=50817"},"modified":"2025-12-26T11:33:47","modified_gmt":"2025-12-26T14:33:47","slug":"hotel-de-turismo","status":"publish","type":"page","link":"https:\/\/tupungato.gov.ar\/?page_id=50817","title":{"rendered":"Hotel turismo"},"content":{"rendered":"\t\t<div data-elementor-type=\"wp-page\" data-elementor-id=\"50817\" class=\"elementor elementor-50817\" data-elementor-post-type=\"page\">\n\t\t\t\t<div class=\"elementor-element elementor-element-102c6db e-flex e-con-boxed e-con e-parent\" data-id=\"102c6db\" data-element_type=\"container\" data-e-type=\"container\">\n\t\t\t\t\t<div class=\"e-con-inner\">\n\t\t\t\t<div class=\"elementor-element elementor-element-7c09074 elementor-widget elementor-widget-heading\" data-id=\"7c09074\" data-element_type=\"widget\" data-e-type=\"widget\" data-widget_type=\"heading.default\">\n\t\t\t\t<div class=\"elementor-widget-container\">\n\t\t\t\t\t<h2 class=\"elementor-heading-title elementor-size-default\">Un poquito de historia<\/h2>\t\t\t\t<\/div>\n\t\t\t\t<\/div>\n\t\t\t\t\t<\/div>\n\t\t\t\t<\/div>\n\t\t<div class=\"elementor-element elementor-element-cca0624 e-flex e-con-boxed e-con e-parent\" data-id=\"cca0624\" data-element_type=\"container\" data-e-type=\"container\">\n\t\t\t\t\t<div class=\"e-con-inner\">\n\t\t<div class=\"elementor-element elementor-element-b4dd2fd e-con-full e-flex e-con e-child\" data-id=\"b4dd2fd\" data-element_type=\"container\" data-e-type=\"container\">\n\t\t\t\t<div class=\"elementor-element elementor-element-6a82c42 elementor-skin-carousel elementor-arrows-yes elementor-pagination-type-bullets elementor-pagination-position-outside elementor-widget elementor-widget-media-carousel\" data-id=\"6a82c42\" data-element_type=\"widget\" data-e-type=\"widget\" data-settings=\"{&quot;slides_per_view&quot;:&quot;1&quot;,&quot;slides_to_scroll&quot;:&quot;1&quot;,&quot;autoplay_speed&quot;:3000,&quot;space_between&quot;:{&quot;unit&quot;:&quot;px&quot;,&quot;size&quot;:0,&quot;sizes&quot;:[]},&quot;skin&quot;:&quot;carousel&quot;,&quot;effect&quot;:&quot;slide&quot;,&quot;show_arrows&quot;:&quot;yes&quot;,&quot;pagination&quot;:&quot;bullets&quot;,&quot;speed&quot;:500,&quot;autoplay&quot;:&quot;yes&quot;,&quot;loop&quot;:&quot;yes&quot;,&quot;pause_on_hover&quot;:&quot;yes&quot;,&quot;pause_on_interaction&quot;:&quot;yes&quot;,&quot;space_between_tablet&quot;:{&quot;unit&quot;:&quot;px&quot;,&quot;size&quot;:10,&quot;sizes&quot;:[]},&quot;space_between_mobile&quot;:{&quot;unit&quot;:&quot;px&quot;,&quot;size&quot;:10,&quot;sizes&quot;:[]}}\" data-widget_type=\"media-carousel.default\">\n\t\t\t\t<div class=\"elementor-widget-container\">\n\t\t\t\t\t\t\t\t\t<div class=\"elementor-swiper\">\n\t\t\t\t\t<div class=\"elementor-main-swiper swiper\" role=\"region\" aria-roledescription=\"carousel\" aria-label=\"Diapositivas\">\n\t\t\t\t<div class=\"swiper-wrapper\">\n\t\t\t\t\t\t\t\t\t\t\t<div class=\"swiper-slide\" role=\"group\" aria-roledescription=\"slide\">\n\t\t\t\t\t\t\t<a href=\"http:\/\/tupungato.gov.ar\/wp-content\/uploads\/2025\/12\/hotel-scaled.jpg\" data-elementor-open-lightbox=\"yes\" data-elementor-lightbox-slideshow=\"6a82c42\" data-elementor-lightbox-title=\"hotel\" data-e-action-hash=\"#elementor-action%3Aaction%3Dlightbox%26settings%3DeyJpZCI6NTA4MjgsInVybCI6Imh0dHBzOlwvXC90dXB1bmdhdG8uZ292LmFyXC93cC1jb250ZW50XC91cGxvYWRzXC8yMDI1XC8xMlwvaG90ZWwtc2NhbGVkLmpwZyIsInNsaWRlc2hvdyI6IjZhODJjNDIifQ%3D%3D\">\t\t<div class=\"elementor-carousel-image\" role=\"img\" aria-label=\"hotel\" style=\"background-image: url(&#039;https:\/\/tupungato.gov.ar\/wp-content\/uploads\/2025\/12\/hotel-scaled.jpg&#039;)\">\n\n\t\t\t\n\t\t\t\t\t<\/div>\n\t\t<\/a>\t\t\t\t\t\t<\/div>\n\t\t\t\t\t\t\t\t\t\t\t<div class=\"swiper-slide\" role=\"group\" aria-roledescription=\"slide\">\n\t\t\t\t\t\t\t<a href=\"http:\/\/tupungato.gov.ar\/wp-content\/uploads\/2025\/12\/hotel-7-scaled.jpg\" data-elementor-open-lightbox=\"yes\" data-elementor-lightbox-slideshow=\"6a82c42\" data-elementor-lightbox-title=\"hotel-7\" data-e-action-hash=\"#elementor-action%3Aaction%3Dlightbox%26settings%3DeyJpZCI6NTA4MjQsInVybCI6Imh0dHBzOlwvXC90dXB1bmdhdG8uZ292LmFyXC93cC1jb250ZW50XC91cGxvYWRzXC8yMDI1XC8xMlwvaG90ZWwtNy1zY2FsZWQuanBnIiwic2xpZGVzaG93IjoiNmE4MmM0MiJ9\">\t\t<div class=\"elementor-carousel-image\" role=\"img\" aria-label=\"hotel-7\" style=\"background-image: url(&#039;https:\/\/tupungato.gov.ar\/wp-content\/uploads\/2025\/12\/hotel-7-scaled.jpg&#039;)\">\n\n\t\t\t\n\t\t\t\t\t<\/div>\n\t\t<\/a>\t\t\t\t\t\t<\/div>\n\t\t\t\t\t\t\t\t\t\t\t<div class=\"swiper-slide\" role=\"group\" aria-roledescription=\"slide\">\n\t\t\t\t\t\t\t<a href=\"http:\/\/tupungato.gov.ar\/wp-content\/uploads\/2025\/12\/hotel-17-scaled.jpg\" data-elementor-open-lightbox=\"yes\" data-elementor-lightbox-slideshow=\"6a82c42\" data-elementor-lightbox-title=\"hotel-17\" data-e-action-hash=\"#elementor-action%3Aaction%3Dlightbox%26settings%3DeyJpZCI6NTA4MjcsInVybCI6Imh0dHBzOlwvXC90dXB1bmdhdG8uZ292LmFyXC93cC1jb250ZW50XC91cGxvYWRzXC8yMDI1XC8xMlwvaG90ZWwtMTctc2NhbGVkLmpwZyIsInNsaWRlc2hvdyI6IjZhODJjNDIifQ%3D%3D\">\t\t<div class=\"elementor-carousel-image\" role=\"img\" aria-label=\"hotel-17\" style=\"background-image: url(&#039;https:\/\/tupungato.gov.ar\/wp-content\/uploads\/2025\/12\/hotel-17-scaled.jpg&#039;)\">\n\n\t\t\t\n\t\t\t\t\t<\/div>\n\t\t<\/a>\t\t\t\t\t\t<\/div>\n\t\t\t\t\t\t\t\t\t\t\t<div class=\"swiper-slide\" role=\"group\" aria-roledescription=\"slide\">\n\t\t\t\t\t\t\t<a href=\"http:\/\/tupungato.gov.ar\/wp-content\/uploads\/2025\/12\/hotel-16-scaled.jpg\" data-elementor-open-lightbox=\"yes\" data-elementor-lightbox-slideshow=\"6a82c42\" data-elementor-lightbox-title=\"hotel-16\" data-e-action-hash=\"#elementor-action%3Aaction%3Dlightbox%26settings%3DeyJpZCI6NTA4MjYsInVybCI6Imh0dHBzOlwvXC90dXB1bmdhdG8uZ292LmFyXC93cC1jb250ZW50XC91cGxvYWRzXC8yMDI1XC8xMlwvaG90ZWwtMTYtc2NhbGVkLmpwZyIsInNsaWRlc2hvdyI6IjZhODJjNDIifQ%3D%3D\">\t\t<div class=\"elementor-carousel-image\" role=\"img\" aria-label=\"hotel-16\" style=\"background-image: url(&#039;https:\/\/tupungato.gov.ar\/wp-content\/uploads\/2025\/12\/hotel-16-scaled.jpg&#039;)\">\n\n\t\t\t\n\t\t\t\t\t<\/div>\n\t\t<\/a>\t\t\t\t\t\t<\/div>\n\t\t\t\t\t\t\t\t\t\t\t<div class=\"swiper-slide\" role=\"group\" aria-roledescription=\"slide\">\n\t\t\t\t\t\t\t<a href=\"http:\/\/tupungato.gov.ar\/wp-content\/uploads\/2025\/12\/hotel-2-scaled.jpg\" data-elementor-open-lightbox=\"yes\" data-elementor-lightbox-slideshow=\"6a82c42\" data-elementor-lightbox-title=\"hotel-2\" data-e-action-hash=\"#elementor-action%3Aaction%3Dlightbox%26settings%3DeyJpZCI6NTA4MjksInVybCI6Imh0dHBzOlwvXC90dXB1bmdhdG8uZ292LmFyXC93cC1jb250ZW50XC91cGxvYWRzXC8yMDI1XC8xMlwvaG90ZWwtMi1zY2FsZWQuanBnIiwic2xpZGVzaG93IjoiNmE4MmM0MiJ9\">\t\t<div class=\"elementor-carousel-image\" role=\"img\" aria-label=\"hotel-2\" style=\"background-image: url(&#039;https:\/\/tupungato.gov.ar\/wp-content\/uploads\/2025\/12\/hotel-2-scaled.jpg&#039;)\">\n\n\t\t\t\n\t\t\t\t\t<\/div>\n\t\t<\/a>\t\t\t\t\t\t<\/div>\n\t\t\t\t\t\t\t\t\t\t\t<div class=\"swiper-slide\" role=\"group\" aria-roledescription=\"slide\">\n\t\t\t\t\t\t\t<a href=\"http:\/\/tupungato.gov.ar\/wp-content\/uploads\/2025\/12\/hotel-14-scaled.jpg\" data-elementor-open-lightbox=\"yes\" data-elementor-lightbox-slideshow=\"6a82c42\" data-elementor-lightbox-title=\"hotel-14\" data-e-action-hash=\"#elementor-action%3Aaction%3Dlightbox%26settings%3DeyJpZCI6NTA4MjUsInVybCI6Imh0dHBzOlwvXC90dXB1bmdhdG8uZ292LmFyXC93cC1jb250ZW50XC91cGxvYWRzXC8yMDI1XC8xMlwvaG90ZWwtMTQtc2NhbGVkLmpwZyIsInNsaWRlc2hvdyI6IjZhODJjNDIifQ%3D%3D\">\t\t<div class=\"elementor-carousel-image\" role=\"img\" aria-label=\"hotel-14\" style=\"background-image: url(&#039;https:\/\/tupungato.gov.ar\/wp-content\/uploads\/2025\/12\/hotel-14-scaled.jpg&#039;)\">\n\n\t\t\t\n\t\t\t\t\t<\/div>\n\t\t<\/a>\t\t\t\t\t\t<\/div>\n\t\t\t\t\t\t\t\t\t\t\t<div class=\"swiper-slide\" role=\"group\" aria-roledescription=\"slide\">\n\t\t\t\t\t\t\t<a href=\"http:\/\/tupungato.gov.ar\/wp-content\/uploads\/2025\/12\/hotel-6-scaled.jpg\" data-elementor-open-lightbox=\"yes\" data-elementor-lightbox-slideshow=\"6a82c42\" data-elementor-lightbox-title=\"hotel-6\" data-e-action-hash=\"#elementor-action%3Aaction%3Dlightbox%26settings%3DeyJpZCI6NTA4MjMsInVybCI6Imh0dHBzOlwvXC90dXB1bmdhdG8uZ292LmFyXC93cC1jb250ZW50XC91cGxvYWRzXC8yMDI1XC8xMlwvaG90ZWwtNi1zY2FsZWQuanBnIiwic2xpZGVzaG93IjoiNmE4MmM0MiJ9\">\t\t<div class=\"elementor-carousel-image\" role=\"img\" aria-label=\"hotel-6\" style=\"background-image: url(&#039;https:\/\/tupungato.gov.ar\/wp-content\/uploads\/2025\/12\/hotel-6-scaled.jpg&#039;)\">\n\n\t\t\t\n\t\t\t\t\t<\/div>\n\t\t<\/a>\t\t\t\t\t\t<\/div>\n\t\t\t\t\t\t\t\t\t<\/div>\n\t\t\t\t\t\t\t\t\t\t\t\t\t\t\t<div class=\"elementor-swiper-button elementor-swiper-button-prev\" role=\"button\" tabindex=\"0\" aria-label=\"Anterior\">\n\t\t\t\t\t\t\t<i aria-hidden=\"true\" class=\"eicon-chevron-left\"><\/i>\t\t\t\t\t\t<\/div>\n\t\t\t\t\t\t<div class=\"elementor-swiper-button elementor-swiper-button-next\" role=\"button\" tabindex=\"0\" aria-label=\"Siguiente\">\n\t\t\t\t\t\t\t<i aria-hidden=\"true\" class=\"eicon-chevron-right\"><\/i>\t\t\t\t\t\t<\/div>\n\t\t\t\t\t\t\t\t\t\t\t\t\t\t\t\t<div class=\"swiper-pagination\"><\/div>\n\t\t\t\t\t\t\t\t\t\t\t\t<\/div>\n\t\t\t\t<\/div>\n\t\t\t\t\t\t\t\t<\/div>\n\t\t\t\t<\/div>\n\t\t\t\t<\/div>\n\t\t<div class=\"elementor-element elementor-element-2646a1f e-con-full e-flex e-con e-child\" data-id=\"2646a1f\" data-element_type=\"container\" data-e-type=\"container\">\n\t\t\t\t<div class=\"elementor-element elementor-element-0efd688 elementor-widget__width-initial elementor-widget elementor-widget-text-editor\" data-id=\"0efd688\" data-element_type=\"widget\" data-e-type=\"widget\" data-widget_type=\"text-editor.default\">\n\t\t\t\t<div class=\"elementor-widget-container\">\n\t\t\t\t\t\t\t\t\t<h5><span style=\"font-weight: normal;\">Planificado en 1946 bajo la gobernaci\u00f3n de Faustino Picallo y dise\u00f1ado por el arquitecto Ar\u00edstides Cottini, el Hotel de Tupungato es uno de los edificios m\u00e1s emblem\u00e1ticos y referentes del departamento. A lo largo de su historia, el edificio tuvo diversos usos, incluyendo ser sede de la Comisar\u00eda 20, hasta alcanzar un gran auge gastron\u00f3mico en la d\u00e9cada del 80; finalmente, tras a\u00f1os de licitaciones, su propiedad fue transferida definitivamente a la Municipalidad de Tupungato mediante la Ley 8580 de 2013. Un hito destacado fue la incorporaci\u00f3n en 1999 de mobiliario hist\u00f3rico rescatado del antiguo Hotel Plaza de Mendoza, el cual se conserva hasta hoy. En la actualidad, el hotel cuenta con una capacidad de 84 plazas y dispone de dos importantes salones que funcionan como epicentro de eventos sociales, institucionales y congresos nacionales. Gracias a las constantes mejoras realizadas desde 2015 en su infraestructura y jardines, el edificio no solo preserva su valor patrimonial, sino que se mantiene como el alojamiento de mayor capacidad del Valle de Uco y es sede de la Direcci\u00f3n de Turismo local.<\/span><\/h5>\t\t\t\t\t\t\t\t<\/div>\n\t\t\t\t<\/div>\n\t\t\t\t<\/div>\n\t\t\t\t\t<\/div>\n\t\t\t\t<\/div>\n\t\t<div class=\"elementor-element elementor-element-42e2705 e-flex e-con-boxed e-con e-parent\" data-id=\"42e2705\" data-element_type=\"container\" data-e-type=\"container\">\n\t\t\t\t\t<div class=\"e-con-inner\">\n\t\t<div class=\"elementor-element elementor-element-6bf381b e-con-full e-flex e-con e-child\" data-id=\"6bf381b\" data-element_type=\"container\" data-e-type=\"container\">\n\t\t\t\t<div class=\"elementor-element elementor-element-d65bcea elementor-align-center elementor-widget elementor-widget-button\" data-id=\"d65bcea\" data-element_type=\"widget\" data-e-type=\"widget\" data-widget_type=\"button.default\">\n\t\t\t\t<div class=\"elementor-widget-container\">\n\t\t\t\t\t\t\t\t\t<div class=\"elementor-button-wrapper\">\n\t\t\t\t\t<a class=\"elementor-button elementor-button-link elementor-size-sm\" href=\"https:\/\/tupungato.gov.ar\/?page_id=50870\">\n\t\t\t\t\t\t<span class=\"elementor-button-content-wrapper\">\n\t\t\t\t\t\t\t\t\t<span class=\"elementor-button-text\">Reservas<\/span>\n\t\t\t\t\t<\/span>\n\t\t\t\t\t<\/a>\n\t\t\t\t<\/div>\n\t\t\t\t\t\t\t\t<\/div>\n\t\t\t\t<\/div>\n\t\t\t\t<\/div>\n\t\t\t\t\t<\/div>\n\t\t\t\t<\/div>\n\t\t\t\t<\/div>\n\t\t","protected":false},"excerpt":{"rendered":"<p>Un poquito de historia Planificado en 1946 bajo la gobernaci\u00f3n de Faustino Picallo y dise\u00f1ado por el arquitecto Ar\u00edstides Cottini, [&hellip;]<\/p>\n","protected":false},"author":1,"featured_media":0,"parent":2287,"menu_order":0,"comment_status":"closed","ping_status":"closed","template":"","meta":{"_acf_changed":false,"site-sidebar-layout":"no-sidebar","site-content-layout":"page-builder","ast-site-content-layout":"full-width-container","site-content-style":"default","site-sidebar-style":"default","ast-global-header-display":"","ast-banner-title-visibility":"","ast-main-header-display":"","ast-hfb-above-header-display":"","ast-hfb-below-header-display":"","ast-hfb-mobile-header-display":"","site-post-title":"disabled","ast-breadcrumbs-content":"","ast-featured-img":"disabled","footer-sml-layout":"","ast-disable-related-posts":"","theme-transparent-header-meta":"","adv-header-id-meta":"","stick-header-meta":"","header-above-stick-meta":"","header-main-stick-meta":"","header-below-stick-meta":"","astra-migrate-meta-layouts":"default","ast-page-background-enabled":"default","ast-page-background-meta":{"desktop":{"background-color":"var(--ast-global-color-4)","background-image":"","background-repeat":"repeat","background-position":"center center","background-size":"auto","background-attachment":"scroll","background-type":"","background-media":"","overlay-type":"","overlay-color":"","overlay-opacity":"","overlay-gradient":""},"tablet":{"background-color":"","background-image":"","background-repeat":"repeat","background-position":"center center","background-size":"auto","background-attachment":"scroll","background-type":"","background-media":"","overlay-type":"","overlay-color":"","overlay-opacity":"","overlay-gradient":""},"mobile":{"background-color":"","background-image":"","background-repeat":"repeat","background-position":"center center","background-size":"auto","background-attachment":"scroll","background-type":"","background-media":"","overlay-type":"","overlay-color":"","overlay-opacity":"","overlay-gradient":""}},"ast-content-background-meta":{"desktop":{"background-color":"var(--ast-global-color-5)","background-image":"","background-repeat":"repeat","background-position":"center center","background-size":"auto","background-attachment":"scroll","background-type":"","background-media":"","overlay-type":"","overlay-color":"","overlay-opacity":"","overlay-gradient":""},"tablet":{"background-color":"var(--ast-global-color-5)","background-image":"","background-repeat":"repeat","background-position":"center center","background-size":"auto","background-attachment":"scroll","background-type":"","background-media":"","overlay-type":"","overlay-color":"","overlay-opacity":"","overlay-gradient":""},"mobile":{"background-color":"var(--ast-global-color-5)","background-image":"","background-repeat":"repeat","background-position":"center center","background-size":"auto","background-attachment":"scroll","background-type":"","background-media":"","overlay-type":"","overlay-color":"","overlay-opacity":"","overlay-gradient":""}},"footnotes":""},"class_list":["post-50817","page","type-page","status-publish","hentry"],"acf":[],"_links":{"self":[{"href":"https:\/\/tupungato.gov.ar\/index.php?rest_route=\/wp\/v2\/pages\/50817","targetHints":{"allow":["GET"]}}],"collection":[{"href":"https:\/\/tupungato.gov.ar\/index.php?rest_route=\/wp\/v2\/pages"}],"about":[{"href":"https:\/\/tupungato.gov.ar\/index.php?rest_route=\/wp\/v2\/types\/page"}],"author":[{"embeddable":true,"href":"https:\/\/tupungato.gov.ar\/index.php?rest_route=\/wp\/v2\/users\/1"}],"replies":[{"embeddable":true,"href":"https:\/\/tupungato.gov.ar\/index.php?rest_route=%2Fwp%2Fv2%2Fcomments&post=50817"}],"version-history":[{"count":47,"href":"https:\/\/tupungato.gov.ar\/index.php?rest_route=\/wp\/v2\/pages\/50817\/revisions"}],"predecessor-version":[{"id":51075,"href":"https:\/\/tupungato.gov.ar\/index.php?rest_route=\/wp\/v2\/pages\/50817\/revisions\/51075"}],"up":[{"embeddable":true,"href":"https:\/\/tupungato.gov.ar\/index.php?rest_route=\/wp\/v2\/pages\/2287"}],"wp:attachment":[{"href":"https:\/\/tupungato.gov.ar\/index.php?rest_route=%2Fwp%2Fv2%2Fmedia&parent=50817"}],"curies":[{"name":"wp","href":"https:\/\/api.w.org\/{rel}","templated":true}]}}