{"id":4813,"date":"2024-10-22T21:59:04","date_gmt":"2024-10-23T00:59:04","guid":{"rendered":"http:\/\/tupungato.gov.ar\/?page_id=4813"},"modified":"2024-11-05T14:05:11","modified_gmt":"2024-11-05T17:05:11","slug":"autorizacion-de-instalacion-de-red-de-servicio-publico","status":"publish","type":"page","link":"https:\/\/tupungato.gov.ar\/?page_id=4813","title":{"rendered":"Autorizaci\u00f3n de instalaci\u00f3n de red de servicio p\u00fablico"},"content":{"rendered":"\t\t<div data-elementor-type=\"wp-page\" data-elementor-id=\"4813\" class=\"elementor elementor-4813\" data-elementor-post-type=\"page\">\n\t\t\t\t<div class=\"elementor-element elementor-element-627d8a7 e-flex e-con-boxed e-con e-parent\" data-id=\"627d8a7\" data-element_type=\"container\" data-e-type=\"container\">\n\t\t\t\t\t<div class=\"e-con-inner\">\n\t\t<div class=\"elementor-element elementor-element-008085f e-con-full e-flex e-con e-child\" data-id=\"008085f\" data-element_type=\"container\" data-e-type=\"container\" data-settings=\"{&quot;background_background&quot;:&quot;classic&quot;}\">\n\t\t\t\t<div class=\"elementor-element elementor-element-60f9240 elementor-widget elementor-widget-spacer\" data-id=\"60f9240\" data-element_type=\"widget\" data-e-type=\"widget\" data-widget_type=\"spacer.default\">\n\t\t\t\t<div class=\"elementor-widget-container\">\n\t\t\t\t\t\t\t<div class=\"elementor-spacer\">\n\t\t\t<div class=\"elementor-spacer-inner\"><\/div>\n\t\t<\/div>\n\t\t\t\t\t\t<\/div>\n\t\t\t\t<\/div>\n\t\t\t\t<\/div>\n\t\t<div class=\"elementor-element elementor-element-2443bc8 e-con-full e-flex e-con e-child\" data-id=\"2443bc8\" data-element_type=\"container\" data-e-type=\"container\" data-settings=\"{&quot;background_background&quot;:&quot;classic&quot;}\">\n\t\t\t\t<div class=\"elementor-element elementor-element-3131cce elementor-widget elementor-widget-heading\" data-id=\"3131cce\" data-element_type=\"widget\" data-e-type=\"widget\" data-widget_type=\"heading.default\">\n\t\t\t\t<div class=\"elementor-widget-container\">\n\t\t\t\t\t<h4 class=\"elementor-heading-title elementor-size-default\">AUTORIZACI\u00d3N DE INSTALACI\u00d3N DE RED DE SERVICIO P\u00daBLICO<\/h4>\t\t\t\t<\/div>\n\t\t\t\t<\/div>\n\t\t\t\t<\/div>\n\t\t\t\t\t<\/div>\n\t\t\t\t<\/div>\n\t\t<div class=\"elementor-element elementor-element-120974c e-flex e-con-boxed e-con e-parent\" data-id=\"120974c\" data-element_type=\"container\" data-e-type=\"container\">\n\t\t\t\t\t<div class=\"e-con-inner\">\n\t\t\t\t<div class=\"elementor-element elementor-element-108b0f2 elementor-widget elementor-widget-text-editor\" data-id=\"108b0f2\" data-element_type=\"widget\" data-e-type=\"widget\" data-widget_type=\"text-editor.default\">\n\t\t\t\t<div class=\"elementor-widget-container\">\n\t\t\t\t\t\t\t\t\t<table dir=\"ltr\" border=\"1\" cellspacing=\"0\" cellpadding=\"0\" data-sheets-root=\"1\" data-sheets-baot=\"1\"><colgroup> <col width=\"672\" \/> <col width=\"223\" \/><\/colgroup>\n<tbody>\n<tr>\n<td>Para iniciar el tr\u00e1mite, es recomendable utilizar el siguiente<\/td>\n<td><a class=\"in-cell-link\" href=\"https:\/\/docs.google.com\/document\/d\/1Odw8twrzDKs8rafptFStTQOroP0EukoZHOyam3dpt2o\/edit?usp=share_link\" target=\"_blank\" rel=\"noopener\">FORMULARIO<\/a><\/td>\n<\/tr>\n<tr>\n<td>Si desea conocer los elementos necesarios para el tr\u00e1mite, puede ver los siguientes<\/td>\n<td><a class=\"in-cell-link\" href=\"https:\/\/docs.google.com\/document\/d\/1sHenF9asA_SjvlTAW876KoMfDp6V0XotY4kq5O4XNXQ\/edit?usp=sharing\" target=\"_blank\" rel=\"noopener\">REQUISITOS<\/a><\/td>\n<\/tr>\n<tr>\n<td>Si desea conocer m\u00e1s acerca del tr\u00e1mite, puede consultar el siguiente<\/td>\n<td><a class=\"in-cell-link\" href=\"https:\/\/docs.google.com\/document\/d\/1zJHc8F405NI4SZyOQxkh5unZh2otlYPPYlvic13h4yQ\/edit?usp=sharing\" target=\"_blank\" rel=\"noopener\">DETALLE<\/a><\/td>\n<\/tr>\n<tr>\n<td>Si quiere saber c\u00f3mo descargar y completar el formulario, siga este<\/td>\n<td><a class=\"in-cell-link\" href=\"https:\/\/docs.google.com\/document\/d\/1DNr2vxrC6ckyPWoEi_qN5ARQ9Di7vWt-rIMYe_vFaQA\/edit?usp=sharing\" target=\"_blank\" rel=\"noopener\">M\u00c9TODO<\/a><\/td>\n<\/tr>\n<tr>\n<td>Hay reglas y cl\u00e1usulas. Puede consultarlas en los siguientes<\/td>\n<td><a class=\"in-cell-link\" href=\"https:\/\/docs.google.com\/document\/d\/1JsdplfUvZLHcmeWv_elPqjQ3ACRv4YBQbX4TZiuevOQ\/edit?usp=sharing\" target=\"_blank\" rel=\"noopener\">T\u00c9RMINOS Y CONDICIONES<\/a><\/td>\n<\/tr>\n<tr>\n<td>Solicitante, representante, apoderado, gestor u otros deber\u00e1n adjuntar la siguiente<\/td>\n<td><a class=\"in-cell-link\" href=\"https:\/\/docs.google.com\/document\/d\/1g43omxvaUgcQ8Ajm0APHdheoN9gjAgrGxE97I2I5UKw\/edit?usp=sharing\" target=\"_blank\" rel=\"noopener\">DOCUMENTACI\u00d3N<\/a><\/td>\n<\/tr>\n<tr>\n<td>Por dudas o informaci\u00f3n adicional, por favor recurra a los siguientes<\/td>\n<td><a class=\"in-cell-link\" href=\"https:\/\/docs.google.com\/document\/d\/1Vthu3bWfLxdhHPKYzIomIHrVmDIOvG6H5JEgqKaKniY\/edit?usp=sharing\" target=\"_blank\" rel=\"noopener\">CONTACTOS<\/a><\/td>\n<\/tr>\n<\/tbody>\n<\/table>\t\t\t\t\t\t\t\t<\/div>\n\t\t\t\t<\/div>\n\t\t\t\t\t<\/div>\n\t\t\t\t<\/div>\n\t\t<div class=\"elementor-element elementor-element-b1047c6 e-flex e-con-boxed e-con e-parent\" data-id=\"b1047c6\" data-element_type=\"container\" data-e-type=\"container\">\n\t\t\t\t\t<div class=\"e-con-inner\">\n\t\t<div class=\"elementor-element elementor-element-5a054f4 e-con-full e-flex e-con e-child\" data-id=\"5a054f4\" data-element_type=\"container\" data-e-type=\"container\">\n\t\t\t\t<div class=\"elementor-element elementor-element-72ef733 elementor-widget elementor-widget-button\" data-id=\"72ef733\" data-element_type=\"widget\" data-e-type=\"widget\" data-widget_type=\"button.default\">\n\t\t\t\t<div class=\"elementor-widget-container\">\n\t\t\t\t\t\t\t\t\t<div class=\"elementor-button-wrapper\">\n\t\t\t\t\t<a class=\"elementor-button elementor-button-link elementor-size-sm elementor-animation-grow\" href=\"http:\/\/179.43.112.191:8080\/vub\/vistas\/web\/loginWEB.zul\">\n\t\t\t\t\t\t<span class=\"elementor-button-content-wrapper\">\n\t\t\t\t\t\t\t\t\t<span class=\"elementor-button-text\">Link de Acceso a Sistema Tramites Online.<\/span>\n\t\t\t\t\t<\/span>\n\t\t\t\t\t<\/a>\n\t\t\t\t<\/div>\n\t\t\t\t\t\t\t\t<\/div>\n\t\t\t\t<\/div>\n\t\t\t\t<\/div>\n\t\t<div class=\"elementor-element elementor-element-5e4bc2e e-con-full e-flex e-con e-child\" data-id=\"5e4bc2e\" data-element_type=\"container\" data-e-type=\"container\">\n\t\t\t\t<div class=\"elementor-element elementor-element-1978e66 elementor-widget elementor-widget-button\" data-id=\"1978e66\" data-element_type=\"widget\" data-e-type=\"widget\" data-widget_type=\"button.default\">\n\t\t\t\t<div class=\"elementor-widget-container\">\n\t\t\t\t\t\t\t\t\t<div class=\"elementor-button-wrapper\">\n\t\t\t\t\t<a class=\"elementor-button elementor-button-link elementor-size-sm elementor-animation-grow\" href=\"http:\/\/tupungato.gov.ar\/wp-content\/uploads\/2024\/09\/instructivo-tramites-online.pdf\">\n\t\t\t\t\t\t<span class=\"elementor-button-content-wrapper\">\n\t\t\t\t\t\t\t\t\t<span class=\"elementor-button-text\">Instructivo para acceder al sistema.\u00a0<\/span>\n\t\t\t\t\t<\/span>\n\t\t\t\t\t<\/a>\n\t\t\t\t<\/div>\n\t\t\t\t\t\t\t\t<\/div>\n\t\t\t\t<\/div>\n\t\t\t\t<\/div>\n\t\t<div class=\"elementor-element elementor-element-0e2f769 e-con-full e-flex e-con e-child\" data-id=\"0e2f769\" data-element_type=\"container\" data-e-type=\"container\">\n\t\t\t\t<div class=\"elementor-element elementor-element-d3a9918 elementor-align-center elementor-widget elementor-widget-button\" data-id=\"d3a9918\" data-element_type=\"widget\" data-e-type=\"widget\" data-widget_type=\"button.default\">\n\t\t\t\t<div class=\"elementor-widget-container\">\n\t\t\t\t\t\t\t\t\t<div class=\"elementor-button-wrapper\">\n\t\t\t\t\t<a class=\"elementor-button elementor-button-link elementor-size-sm elementor-animation-grow\" href=\"https:\/\/tupungato.gov.ar\/?page_id=4566\">\n\t\t\t\t\t\t<span class=\"elementor-button-content-wrapper\">\n\t\t\t\t\t\t<span class=\"elementor-button-icon\">\n\t\t\t\t<i aria-hidden=\"true\" class=\"far fa-arrow-alt-circle-left\"><\/i>\t\t\t<\/span>\n\t\t\t\t\t\t\t\t\t<span class=\"elementor-button-text\">Volver a Tramites Online<\/span>\n\t\t\t\t\t<\/span>\n\t\t\t\t\t<\/a>\n\t\t\t\t<\/div>\n\t\t\t\t\t\t\t\t<\/div>\n\t\t\t\t<\/div>\n\t\t\t\t<\/div>\n\t\t\t\t\t<\/div>\n\t\t\t\t<\/div>\n\t\t\t\t<\/div>\n\t\t","protected":false},"excerpt":{"rendered":"<p>AUTORIZACI\u00d3N DE INSTALACI\u00d3N DE RED DE SERVICIO P\u00daBLICO Para iniciar el tr\u00e1mite, es recomendable utilizar el siguiente FORMULARIO Si desea [&hellip;]<\/p>\n","protected":false},"author":1,"featured_media":0,"parent":0,"menu_order":0,"comment_status":"closed","ping_status":"closed","template":"","meta":{"_acf_changed":false,"site-sidebar-layout":"no-sidebar","site-content-layout":"page-builder","ast-site-content-layout":"full-width-container","site-content-style":"default","site-sidebar-style":"default","ast-global-header-display":"","ast-banner-title-visibility":"","ast-main-header-display":"","ast-hfb-above-header-display":"","ast-hfb-below-header-display":"","ast-hfb-mobile-header-display":"","site-post-title":"disabled","ast-breadcrumbs-content":"","ast-featured-img":"disabled","footer-sml-layout":"","ast-disable-related-posts":"","theme-transparent-header-meta":"","adv-header-id-meta":"","stick-header-meta":"","header-above-stick-meta":"","header-main-stick-meta":"","header-below-stick-meta":"","astra-migrate-meta-layouts":"set","ast-page-background-enabled":"default","ast-page-background-meta":{"desktop":{"background-color":"var(--ast-global-color-4)","background-image":"","background-repeat":"repeat","background-position":"center center","background-size":"auto","background-attachment":"scroll","background-type":"","background-media":"","overlay-type":"","overlay-color":"","overlay-opacity":"","overlay-gradient":""},"tablet":{"background-color":"","background-image":"","background-repeat":"repeat","background-position":"center center","background-size":"auto","background-attachment":"scroll","background-type":"","background-media":"","overlay-type":"","overlay-color":"","overlay-opacity":"","overlay-gradient":""},"mobile":{"background-color":"","background-image":"","background-repeat":"repeat","background-position":"center center","background-size":"auto","background-attachment":"scroll","background-type":"","background-media":"","overlay-type":"","overlay-color":"","overlay-opacity":"","overlay-gradient":""}},"ast-content-background-meta":{"desktop":{"background-color":"var(--ast-global-color-5)","background-image":"","background-repeat":"repeat","background-position":"center center","background-size":"auto","background-attachment":"scroll","background-type":"","background-media":"","overlay-type":"","overlay-color":"","overlay-opacity":"","overlay-gradient":""},"tablet":{"background-color":"var(--ast-global-color-5)","background-image":"","background-repeat":"repeat","background-position":"center center","background-size":"auto","background-attachment":"scroll","background-type":"","background-media":"","overlay-type":"","overlay-color":"","overlay-opacity":"","overlay-gradient":""},"mobile":{"background-color":"var(--ast-global-color-5)","background-image":"","background-repeat":"repeat","background-position":"center center","background-size":"auto","background-attachment":"scroll","background-type":"","background-media":"","overlay-type":"","overlay-color":"","overlay-opacity":"","overlay-gradient":""}},"footnotes":""},"class_list":["post-4813","page","type-page","status-publish","hentry"],"acf":[],"_links":{"self":[{"href":"https:\/\/tupungato.gov.ar\/index.php?rest_route=\/wp\/v2\/pages\/4813","targetHints":{"allow":["GET"]}}],"collection":[{"href":"https:\/\/tupungato.gov.ar\/index.php?rest_route=\/wp\/v2\/pages"}],"about":[{"href":"https:\/\/tupungato.gov.ar\/index.php?rest_route=\/wp\/v2\/types\/page"}],"author":[{"embeddable":true,"href":"https:\/\/tupungato.gov.ar\/index.php?rest_route=\/wp\/v2\/users\/1"}],"replies":[{"embeddable":true,"href":"https:\/\/tupungato.gov.ar\/index.php?rest_route=%2Fwp%2Fv2%2Fcomments&post=4813"}],"version-history":[{"count":11,"href":"https:\/\/tupungato.gov.ar\/index.php?rest_route=\/wp\/v2\/pages\/4813\/revisions"}],"predecessor-version":[{"id":40487,"href":"https:\/\/tupungato.gov.ar\/index.php?rest_route=\/wp\/v2\/pages\/4813\/revisions\/40487"}],"wp:attachment":[{"href":"https:\/\/tupungato.gov.ar\/index.php?rest_route=%2Fwp%2Fv2%2Fmedia&parent=4813"}],"curies":[{"name":"wp","href":"https:\/\/api.w.org\/{rel}","templated":true}]}}