{"id":2339,"date":"2024-09-27T21:47:10","date_gmt":"2024-09-28T00:47:10","guid":{"rendered":"http:\/\/tupungato.gov.ar\/?page_id=2339"},"modified":"2024-10-22T10:28:58","modified_gmt":"2024-10-22T13:28:58","slug":"mapa-interactivo","status":"publish","type":"page","link":"https:\/\/tupungato.gov.ar\/?page_id=2339","title":{"rendered":"Mapa Interactivo"},"content":{"rendered":"\t\t<div data-elementor-type=\"wp-page\" data-elementor-id=\"2339\" class=\"elementor elementor-2339\" data-elementor-post-type=\"page\">\n\t\t\t\t<div class=\"elementor-element elementor-element-2a09c20 e-flex e-con-boxed e-con e-parent\" data-id=\"2a09c20\" data-element_type=\"container\" data-e-type=\"container\">\n\t\t\t\t\t<div class=\"e-con-inner\">\n\t\t\t\t<div class=\"elementor-element elementor-element-c6f5b97 elementor-widget elementor-widget-heading\" data-id=\"c6f5b97\" data-element_type=\"widget\" data-e-type=\"widget\" data-widget_type=\"heading.default\">\n\t\t\t\t<div class=\"elementor-widget-container\">\n\t\t\t\t\t<h2 class=\"elementor-heading-title elementor-size-default\">Te contamos un poquito<\/h2>\t\t\t\t<\/div>\n\t\t\t\t<\/div>\n\t\t\t\t\t<\/div>\n\t\t\t\t<\/div>\n\t\t<div class=\"elementor-element elementor-element-21e8b56 e-flex e-con-boxed e-con e-parent\" data-id=\"21e8b56\" data-element_type=\"container\" data-e-type=\"container\">\n\t\t\t\t\t<div class=\"e-con-inner\">\n\t\t\t\t<div class=\"elementor-element elementor-element-48617c7 elementor-widget elementor-widget-heading\" data-id=\"48617c7\" data-element_type=\"widget\" data-e-type=\"widget\" data-widget_type=\"heading.default\">\n\t\t\t\t<div class=\"elementor-widget-container\">\n\t\t\t\t\t<h2 class=\"elementor-heading-title elementor-size-default\">de nuestro departamento<\/h2>\t\t\t\t<\/div>\n\t\t\t\t<\/div>\n\t\t\t\t\t<\/div>\n\t\t\t\t<\/div>\n\t\t<div class=\"elementor-element elementor-element-dbdd5bf e-flex e-con-boxed e-con e-parent\" data-id=\"dbdd5bf\" data-element_type=\"container\" data-e-type=\"container\">\n\t\t\t\t\t<div class=\"e-con-inner\">\n\t\t\t\t<div class=\"elementor-element elementor-element-29a7b21 elementor-widget elementor-widget-text-editor\" data-id=\"29a7b21\" data-element_type=\"widget\" data-e-type=\"widget\" data-widget_type=\"text-editor.default\">\n\t\t\t\t<div class=\"elementor-widget-container\">\n\t\t\t\t\t\t\t\t\t<p style=\"text-align: left;\"><span style=\"color: #454545;\">La Ciudad de Tupungato propone turismo enogastron\u00f3mico, ferias y espect\u00e1culos. En el circuito urbano puede hacerse degustaciones de productos regionales como vinos, dulces caseros y nueces. Restaurantes, bares y patios de comida, tienen una oferta variada de men\u00fas a la carta, comidas caseras, minutas y cocteler\u00eda. En estos espacios tambi\u00e9n se presentan shows art\u00edsticos de canto y danza. Dos eventos concurridos, populares y gratuitos que tiene la Agenda de Tupungato son la Feria Artesanal sobre calles c\u00e9ntricas, donde emprendedores del departamento y la Provincia exponen en stands variedad de trabajos manuales, la cita suele ir acompa\u00f1ada por un festival musical. El otro acontecimiento es la Feria de Vinos de Altura y los Sunsets de monta\u00f1a, un encuentro al aire libre con barra para degustar la producci\u00f3n de hacedores vitivin\u00edcolas locales, con m\u00fasica o DJs en vivo. En septiembre la Avenida Belgrano se viste de colores con la Far\u00e1ndula Estudiantil, por all\u00ed desfilan los candidatos de los Estudiantes as\u00ed como los carros aleg\u00f3ricos, realizados por j\u00f3venes de las instituciones educativas.<\/span><\/p>\t\t\t\t\t\t\t\t<\/div>\n\t\t\t\t<\/div>\n\t\t\t\t\t<\/div>\n\t\t\t\t<\/div>\n\t\t<div class=\"elementor-element elementor-element-d70b1f8 e-flex e-con-boxed e-con e-parent\" data-id=\"d70b1f8\" data-element_type=\"container\" data-e-type=\"container\">\n\t\t\t\t\t<div class=\"e-con-inner\">\n\t\t\t\t<div class=\"elementor-element elementor-element-6758ea1 elementor-widget elementor-widget-html\" data-id=\"6758ea1\" data-element_type=\"widget\" data-e-type=\"widget\" data-widget_type=\"html.default\">\n\t\t\t\t<div class=\"elementor-widget-container\">\n\t\t\t\t\t<iframe src=\"https:\/\/www.google.com\/maps\/d\/embed?mid=1ktkO_pkDuQrcqtZp7WAaXy0_OsUrN-s&ehbc=2E312F\" width=\"640\" height=\"480\"><\/iframe>\t\t\t\t<\/div>\n\t\t\t\t<\/div>\n\t\t\t\t\t<\/div>\n\t\t\t\t<\/div>\n\t\t\t\t<\/div>\n\t\t","protected":false},"excerpt":{"rendered":"<p>Te contamos un poquito de nuestro departamento La Ciudad de Tupungato propone turismo enogastron\u00f3mico, ferias y espect\u00e1culos. En el circuito [&hellip;]<\/p>\n","protected":false},"author":1,"featured_media":0,"parent":2287,"menu_order":0,"comment_status":"closed","ping_status":"closed","template":"","meta":{"_acf_changed":false,"site-sidebar-layout":"no-sidebar","site-content-layout":"page-builder","ast-site-content-layout":"full-width-container","site-content-style":"default","site-sidebar-style":"default","ast-global-header-display":"","ast-banner-title-visibility":"","ast-main-header-display":"","ast-hfb-above-header-display":"","ast-hfb-below-header-display":"","ast-hfb-mobile-header-display":"","site-post-title":"disabled","ast-breadcrumbs-content":"","ast-featured-img":"disabled","footer-sml-layout":"","ast-disable-related-posts":"","theme-transparent-header-meta":"","adv-header-id-meta":"","stick-header-meta":"","header-above-stick-meta":"","header-main-stick-meta":"","header-below-stick-meta":"","astra-migrate-meta-layouts":"default","ast-page-background-enabled":"default","ast-page-background-meta":{"desktop":{"background-color":"var(--ast-global-color-4)","background-image":"","background-repeat":"repeat","background-position":"center center","background-size":"auto","background-attachment":"scroll","background-type":"","background-media":"","overlay-type":"","overlay-color":"","overlay-opacity":"","overlay-gradient":""},"tablet":{"background-color":"","background-image":"","background-repeat":"repeat","background-position":"center center","background-size":"auto","background-attachment":"scroll","background-type":"","background-media":"","overlay-type":"","overlay-color":"","overlay-opacity":"","overlay-gradient":""},"mobile":{"background-color":"","background-image":"","background-repeat":"repeat","background-position":"center center","background-size":"auto","background-attachment":"scroll","background-type":"","background-media":"","overlay-type":"","overlay-color":"","overlay-opacity":"","overlay-gradient":""}},"ast-content-background-meta":{"desktop":{"background-color":"var(--ast-global-color-5)","background-image":"","background-repeat":"repeat","background-position":"center center","background-size":"auto","background-attachment":"scroll","background-type":"","background-media":"","overlay-type":"","overlay-color":"","overlay-opacity":"","overlay-gradient":""},"tablet":{"background-color":"var(--ast-global-color-5)","background-image":"","background-repeat":"repeat","background-position":"center center","background-size":"auto","background-attachment":"scroll","background-type":"","background-media":"","overlay-type":"","overlay-color":"","overlay-opacity":"","overlay-gradient":""},"mobile":{"background-color":"var(--ast-global-color-5)","background-image":"","background-repeat":"repeat","background-position":"center center","background-size":"auto","background-attachment":"scroll","background-type":"","background-media":"","overlay-type":"","overlay-color":"","overlay-opacity":"","overlay-gradient":""}},"footnotes":""},"class_list":["post-2339","page","type-page","status-publish","hentry"],"acf":[],"_links":{"self":[{"href":"https:\/\/tupungato.gov.ar\/index.php?rest_route=\/wp\/v2\/pages\/2339","targetHints":{"allow":["GET"]}}],"collection":[{"href":"https:\/\/tupungato.gov.ar\/index.php?rest_route=\/wp\/v2\/pages"}],"about":[{"href":"https:\/\/tupungato.gov.ar\/index.php?rest_route=\/wp\/v2\/types\/page"}],"author":[{"embeddable":true,"href":"https:\/\/tupungato.gov.ar\/index.php?rest_route=\/wp\/v2\/users\/1"}],"replies":[{"embeddable":true,"href":"https:\/\/tupungato.gov.ar\/index.php?rest_route=%2Fwp%2Fv2%2Fcomments&post=2339"}],"version-history":[{"count":7,"href":"https:\/\/tupungato.gov.ar\/index.php?rest_route=\/wp\/v2\/pages\/2339\/revisions"}],"predecessor-version":[{"id":4553,"href":"https:\/\/tupungato.gov.ar\/index.php?rest_route=\/wp\/v2\/pages\/2339\/revisions\/4553"}],"up":[{"embeddable":true,"href":"https:\/\/tupungato.gov.ar\/index.php?rest_route=\/wp\/v2\/pages\/2287"}],"wp:attachment":[{"href":"https:\/\/tupungato.gov.ar\/index.php?rest_route=%2Fwp%2Fv2%2Fmedia&parent=2339"}],"curies":[{"name":"wp","href":"https:\/\/api.w.org\/{rel}","templated":true}]}}