{"id":2283,"date":"2024-09-27T21:43:37","date_gmt":"2024-09-28T00:43:37","guid":{"rendered":"http:\/\/tupungato.gov.ar\/?page_id=2283"},"modified":"2024-12-30T10:55:34","modified_gmt":"2024-12-30T13:55:34","slug":"ordenamiento-territorial","status":"publish","type":"page","link":"https:\/\/tupungato.gov.ar\/?page_id=2283","title":{"rendered":"Ordenamiento territorial"},"content":{"rendered":"\t\t<div data-elementor-type=\"wp-page\" data-elementor-id=\"2283\" class=\"elementor elementor-2283\" data-elementor-post-type=\"page\">\n\t\t\t\t<div class=\"elementor-element elementor-element-2be1596 e-flex e-con-boxed e-con e-parent\" data-id=\"2be1596\" data-element_type=\"container\" data-e-type=\"container\">\n\t\t\t\t\t<div class=\"e-con-inner\">\n\t\t\t\t<div class=\"elementor-element elementor-element-04a042b elementor-widget elementor-widget-heading\" data-id=\"04a042b\" data-element_type=\"widget\" data-e-type=\"widget\" data-widget_type=\"heading.default\">\n\t\t\t\t<div class=\"elementor-widget-container\">\n\t\t\t\t\t<h2 class=\"elementor-heading-title elementor-size-default\">Ordenamiento Territorial<\/h2>\t\t\t\t<\/div>\n\t\t\t\t<\/div>\n\t\t\t\t\t<\/div>\n\t\t\t\t<\/div>\n\t\t<div class=\"elementor-element elementor-element-568b065 e-flex e-con-boxed e-con e-parent\" data-id=\"568b065\" data-element_type=\"container\" data-e-type=\"container\">\n\t\t\t\t\t<div class=\"e-con-inner\">\n\t\t\t\t<div class=\"elementor-element elementor-element-0522f2c elementor-widget elementor-widget-text-editor\" data-id=\"0522f2c\" data-element_type=\"widget\" data-e-type=\"widget\" data-widget_type=\"text-editor.default\">\n\t\t\t\t<div class=\"elementor-widget-container\">\n\t\t\t\t\t\t\t\t\t<div class=\"elementor-element elementor-element-d1d98ee e-con-full e-flex e-con e-child\" data-id=\"d1d98ee\" data-element_type=\"container\"><div class=\"elementor-element elementor-element-67d5b7a elementor-widget elementor-widget-text-editor\" data-id=\"67d5b7a\" data-element_type=\"widget\" data-widget_type=\"text-editor.default\"><div class=\"elementor-widget-container\"><p>La sanci\u00f3n de la Ley Provincial N\u00b0 8051 de Ordenamiento Territorial y Usos del Suelo en 2009, obliga a todos los municipios de Mendoza, a elaborar los planes de ordenamiento territorial, para definir, viabilizar y ejecutar el modelo territorial municipal deseado.<\/p><p>\u00a0<\/p><p>Dicho Plan servir\u00e1 de marco para la coordinaci\u00f3n de los distintos programas, proyectos y acciones municipales en el corto, mediano y largo plazo.<br \/>Invitamos a los ciudadanos a continuar siendo parte de este proceso, para ello el \u00c1rea de Ordenamiento Territorial del municipio pone a disposici\u00f3n para su consulta el documento preliminar del PMOT. Y a su vez los convoca a participar en la Audiencia P\u00fablica.<\/p><\/div><\/div><\/div><div class=\"elementor-element elementor-element-f9ff3b5 e-con-full e-flex e-con e-child\" data-id=\"f9ff3b5\" data-element_type=\"container\"><div class=\"elementor-element elementor-element-50ae459 elementor-widget elementor-widget-text-editor\" data-id=\"50ae459\" data-element_type=\"widget\" data-widget_type=\"text-editor.default\"><div class=\"elementor-widget-container\"><p style=\"text-align: center;\">Toc\u00e1 cualquiera de las siguientes opciones para ir a la secci\u00f3n correspondiente o descargar documentaci\u00f3n<\/p><\/div><\/div><\/div>\t\t\t\t\t\t\t\t<\/div>\n\t\t\t\t<\/div>\n\t\t\t\t\t<\/div>\n\t\t\t\t<\/div>\n\t\t<div class=\"elementor-element elementor-element-f3bd828 e-flex e-con-boxed e-con e-parent\" data-id=\"f3bd828\" data-element_type=\"container\" data-e-type=\"container\">\n\t\t\t\t\t<div class=\"e-con-inner\">\n\t\t\t\t<div class=\"elementor-element elementor-element-adc983f elementor-widget elementor-widget-n-accordion\" data-id=\"adc983f\" data-element_type=\"widget\" data-e-type=\"widget\" data-settings=\"{&quot;default_state&quot;:&quot;all_collapsed&quot;,&quot;n_accordion_animation_duration&quot;:{&quot;unit&quot;:&quot;ms&quot;,&quot;size&quot;:300,&quot;sizes&quot;:[]},&quot;max_items_expended&quot;:&quot;one&quot;}\" data-widget_type=\"nested-accordion.default\">\n\t\t\t\t<div class=\"elementor-widget-container\">\n\t\t\t\t\t\t\t<div class=\"e-n-accordion\" aria-label=\"Accordion. Open links with Enter or Space, close with Escape, and navigate with Arrow Keys\">\n\t\t\t\t\t\t<details id=\"e-n-accordion-item-1820\" class=\"e-n-accordion-item\" >\n\t\t\t\t<summary class=\"e-n-accordion-item-title\" data-accordion-index=\"1\" tabindex=\"0\" aria-expanded=\"false\" aria-controls=\"e-n-accordion-item-1820\" >\n\t\t\t\t\t<span class='e-n-accordion-item-title-header'><div class=\"e-n-accordion-item-title-text\"> Plan de Ordenamiento Territorial - Ordenanza N\u00b0 27 2024 <\/div><\/span>\n\t\t\t\t\t\t\t<span class='e-n-accordion-item-title-icon'>\n\t\t\t<span class='e-opened' ><i aria-hidden=\"true\" class=\"fas fa-angle-down\"><\/i><\/span>\n\t\t\t<span class='e-closed'><i aria-hidden=\"true\" class=\"fas fa-angle-right\"><\/i><\/span>\n\t\t<\/span>\n\n\t\t\t\t\t\t<\/summary>\n\t\t\t\t<div role=\"region\" aria-labelledby=\"e-n-accordion-item-1820\" class=\"elementor-element elementor-element-3d87eec e-con-full e-flex e-con e-child\" data-id=\"3d87eec\" data-element_type=\"container\" data-e-type=\"container\">\n\t\t\t\t<div class=\"elementor-element elementor-element-431f5fa elementor-widget elementor-widget-text-editor\" data-id=\"431f5fa\" data-element_type=\"widget\" data-e-type=\"widget\" data-widget_type=\"text-editor.default\">\n\t\t\t\t<div class=\"elementor-widget-container\">\n\t\t\t\t\t\t\t\t\t<p><strong><a href=\"http:\/\/tupungato.gov.ar\/wp-content\/uploads\/2024\/12\/ordenanza-n-27-2024.pdf\">Ordenanza 27 2024<\/a><\/strong><\/p><p><strong><a href=\"http:\/\/tupungato.gov.ar\/wp-content\/uploads\/2024\/11\/0.-TITULO-I-INTRODUCCION-1.pdf\">T\u00edtulo I Introducci\u00f3n<\/a><\/strong><\/p><p><strong><a href=\"http:\/\/tupungato.gov.ar\/wp-content\/uploads\/2024\/11\/1.-TITULO-II-CAP-1-DIAGNOSTICO-SUBSISTEMA-FISICO-NATURAL.pdf\">T\u00edtulo II CAP 1 | Diagn\u00f3stico Subsistema F\u00edsico\/ Natural\u00a0<\/a><\/strong><\/p><p><strong><a href=\"http:\/\/tupungato.gov.ar\/wp-content\/uploads\/2024\/11\/2.-TITULO-II-CAP-2-DIAGNOSTICO-SOCIOECONOMICO-1-1.pdf\">T\u00edtulo II CAP 2 | Diagn\u00f3stico Socioecon\u00f3mico<\/a><\/strong><\/p><p><strong><a href=\"http:\/\/tupungato.gov.ar\/wp-content\/uploads\/2024\/11\/3.-TITULO-II-CAP-3-DIAGNOSTICO-POLITICO-INSTITUCIONAL-1-1.pdf\">T\u00edtulo II CAP 3 | Diagn\u00f3stico P\u00f3litico Institucional<\/a><\/strong><\/p><p><strong><a href=\"http:\/\/tupungato.gov.ar\/wp-content\/uploads\/2024\/11\/4.-TITULO-II-CAP-4-DIAGNOSTICO-PARTICIPATIVO-COMPILADO.pdf\">T\u00edtulo II CAP 4 | Diagn\u00f3stico Participativo Compilado<\/a><\/strong><\/p><p><strong><a href=\"http:\/\/tupungato.gov.ar\/wp-content\/uploads\/2024\/11\/5.-TITULO-III-MODELOS-TERRITORIALES-ACTUAL-TENDENCIAL-Y-DESEADO.pdf\">T\u00edtulo III Modelos Territoriales &#8211; Actual, Tendencia y Deseado<\/a><\/strong><\/p><p><strong><a href=\"http:\/\/tupungato.gov.ar\/wp-content\/uploads\/2024\/11\/6.-TITULO-IV-MODELO-TERRITORIAL-REALIZABLE-E-INSTRUMENTOS-GESTION.pdf\">T\u00edtulo IV Modelo Territorial realizable e Instrumentos Gesti\u00f3n<\/a><\/strong><\/p><p><strong><a href=\"http:\/\/tupungato.gov.ar\/wp-content\/uploads\/2024\/11\/7.-ANEXO-CARTOGRAFICO.pdf\">Anexo Cartogr\u00e1fico<\/a><\/strong><\/p><p><strong><a href=\"http:\/\/tupungato.gov.ar\/wp-content\/uploads\/2024\/11\/8.-ANEXO-BIBLIOGRAFICO.pdf\">Anexo Bibliogr\u00e1fico<\/a><\/strong><\/p><p><strong><a href=\"http:\/\/tupungato.gov.ar\/wp-content\/uploads\/2024\/11\/antecedentes-plan-de-ordenamiento-territorial-PMOT-TUPUNGATO-1.pdf\">Anexo Antecedentes<\/a><\/strong><\/p><p><a href=\"http:\/\/tupungato.gov.ar\/wp-content\/uploads\/2024\/11\/9.-Reglamento-Tupungato-final.pdf\"><strong>Reglamento Tupungato<\/strong><\/a><\/p><p><strong style=\"font-style: inherit; color: var( --e-global-color-text ); font-family: var( --e-global-typography-text-font-family ), Sans-serif; text-align: var(--text-align); background-color: var(--ast-global-color-5);\"><a href=\"http:\/\/tupungato.gov.ar\/wp-content\/uploads\/2024\/09\/Ley-Provincial-N8051.pdf\">Ley Provincial N\u00b0 8051<\/a><\/strong><\/p><p><strong><a href=\"http:\/\/tupungato.gov.ar\/wp-content\/uploads\/2024\/09\/LEY-provincial-8999.pdf\">Ley Provincial N\u00b0 8999<\/a><\/strong><\/p><p><a href=\"http:\/\/tupungato.gov.ar\/wp-content\/uploads\/2024\/09\/ANEXO-8999_compressed.pdf\" target=\"_blank\" rel=\"noopener\"><strong>Anexo Ley N\u00b0 8999<\/strong><\/a><\/p>\t\t\t\t\t\t\t\t<\/div>\n\t\t\t\t<\/div>\n\t\t\t\t<\/div>\n\t\t\t\t\t<\/details>\n\t\t\t\t\t\t<details id=\"e-n-accordion-item-1821\" class=\"e-n-accordion-item\" >\n\t\t\t\t<summary class=\"e-n-accordion-item-title\" data-accordion-index=\"2\" tabindex=\"-1\" aria-expanded=\"false\" aria-controls=\"e-n-accordion-item-1821\" >\n\t\t\t\t\t<span class='e-n-accordion-item-title-header'><div class=\"e-n-accordion-item-title-text\"> Audiencia P\u00fablica <\/div><\/span>\n\t\t\t\t\t\t\t<span class='e-n-accordion-item-title-icon'>\n\t\t\t<span class='e-opened' ><i aria-hidden=\"true\" class=\"fas fa-angle-down\"><\/i><\/span>\n\t\t\t<span class='e-closed'><i aria-hidden=\"true\" class=\"fas fa-angle-right\"><\/i><\/span>\n\t\t<\/span>\n\n\t\t\t\t\t\t<\/summary>\n\t\t\t\t<div role=\"region\" aria-labelledby=\"e-n-accordion-item-1821\" class=\"elementor-element elementor-element-2a53d0a e-flex e-con-boxed e-con e-child\" data-id=\"2a53d0a\" data-element_type=\"container\" data-e-type=\"container\">\n\t\t\t\t\t<div class=\"e-con-inner\">\n\t\t\t\t<div class=\"elementor-element elementor-element-dcfe0d6 elementor-widget elementor-widget-text-editor\" data-id=\"dcfe0d6\" data-element_type=\"widget\" data-e-type=\"widget\" data-widget_type=\"text-editor.default\">\n\t\t\t\t<div class=\"elementor-widget-container\">\n\t\t\t\t\t\t\t\t\t<p><strong>Participaci\u00f3n<\/strong><br \/>Podr\u00e1n participar personas f\u00edsicas o jur\u00eddicas como orador u oyente. Al momento de la audiencia ser\u00e1 necesario presentar el DNI, y aval institucional en caso que corresponda.<\/p><p>\u00a0<\/p><p><strong>Aportes y documentos<\/strong><\/p><p>Debes enviarlos al mail\u00a0<a style=\"background-color: #ffffff; transition-property: all;\" href=\"mailto:ordenamientoterritorial@tupungato.gob\">ordenamientoterritorial.tupun@gmail.com<\/a><br \/>Personalmente en mesa de entrada de la AP y hasta 5 d\u00edas h\u00e1biles despu\u00e9s de la AP en la Oficina de Ordenamiento Territorial.<\/p><p><a style=\"font-style: inherit; font-weight: inherit; font-family: var( --e-global-typography-text-font-family ), Sans-serif; text-align: var(--text-align);\" href=\"http:\/\/tupungato.gov.ar\/wp-content\/uploads\/2024\/11\/RESPUESTAS-AUDIENCIA-PUBLICA-COMPILADAS.pdf\"><strong>Aportes y respuestas de Audiencia P\u00fablica<\/strong><\/a><\/p>\t\t\t\t\t\t\t\t<\/div>\n\t\t\t\t<\/div>\n\t\t\t\t\t<\/div>\n\t\t\t\t<\/div>\n\t\t\t\t\t<\/details>\n\t\t\t\t\t<\/div>\n\t\t\t\t\t\t<\/div>\n\t\t\t\t<\/div>\n\t\t\t\t\t<\/div>\n\t\t\t\t<\/div>\n\t\t\t\t<\/div>\n\t\t","protected":false},"excerpt":{"rendered":"<p>Ordenamiento Territorial La sanci\u00f3n de la Ley Provincial N\u00b0 8051 de Ordenamiento Territorial y Usos del Suelo en 2009, obliga [&hellip;]<\/p>\n","protected":false},"author":1,"featured_media":0,"parent":0,"menu_order":0,"comment_status":"closed","ping_status":"closed","template":"","meta":{"_acf_changed":false,"site-sidebar-layout":"no-sidebar","site-content-layout":"page-builder","ast-site-content-layout":"full-width-container","site-content-style":"default","site-sidebar-style":"default","ast-global-header-display":"","ast-banner-title-visibility":"","ast-main-header-display":"","ast-hfb-above-header-display":"","ast-hfb-below-header-display":"","ast-hfb-mobile-header-display":"","site-post-title":"disabled","ast-breadcrumbs-content":"","ast-featured-img":"disabled","footer-sml-layout":"","ast-disable-related-posts":"","theme-transparent-header-meta":"","adv-header-id-meta":"","stick-header-meta":"","header-above-stick-meta":"","header-main-stick-meta":"","header-below-stick-meta":"","astra-migrate-meta-layouts":"default","ast-page-background-enabled":"default","ast-page-background-meta":{"desktop":{"background-color":"var(--ast-global-color-4)","background-image":"","background-repeat":"repeat","background-position":"center center","background-size":"auto","background-attachment":"scroll","background-type":"","background-media":"","overlay-type":"","overlay-color":"","overlay-opacity":"","overlay-gradient":""},"tablet":{"background-color":"","background-image":"","background-repeat":"repeat","background-position":"center center","background-size":"auto","background-attachment":"scroll","background-type":"","background-media":"","overlay-type":"","overlay-color":"","overlay-opacity":"","overlay-gradient":""},"mobile":{"background-color":"","background-image":"","background-repeat":"repeat","background-position":"center center","background-size":"auto","background-attachment":"scroll","background-type":"","background-media":"","overlay-type":"","overlay-color":"","overlay-opacity":"","overlay-gradient":""}},"ast-content-background-meta":{"desktop":{"background-color":"var(--ast-global-color-5)","background-image":"","background-repeat":"repeat","background-position":"center center","background-size":"auto","background-attachment":"scroll","background-type":"","background-media":"","overlay-type":"","overlay-color":"","overlay-opacity":"","overlay-gradient":""},"tablet":{"background-color":"var(--ast-global-color-5)","background-image":"","background-repeat":"repeat","background-position":"center center","background-size":"auto","background-attachment":"scroll","background-type":"","background-media":"","overlay-type":"","overlay-color":"","overlay-opacity":"","overlay-gradient":""},"mobile":{"background-color":"var(--ast-global-color-5)","background-image":"","background-repeat":"repeat","background-position":"center center","background-size":"auto","background-attachment":"scroll","background-type":"","background-media":"","overlay-type":"","overlay-color":"","overlay-opacity":"","overlay-gradient":""}},"footnotes":""},"class_list":["post-2283","page","type-page","status-publish","hentry"],"acf":[],"_links":{"self":[{"href":"https:\/\/tupungato.gov.ar\/index.php?rest_route=\/wp\/v2\/pages\/2283","targetHints":{"allow":["GET"]}}],"collection":[{"href":"https:\/\/tupungato.gov.ar\/index.php?rest_route=\/wp\/v2\/pages"}],"about":[{"href":"https:\/\/tupungato.gov.ar\/index.php?rest_route=\/wp\/v2\/types\/page"}],"author":[{"embeddable":true,"href":"https:\/\/tupungato.gov.ar\/index.php?rest_route=\/wp\/v2\/users\/1"}],"replies":[{"embeddable":true,"href":"https:\/\/tupungato.gov.ar\/index.php?rest_route=%2Fwp%2Fv2%2Fcomments&post=2283"}],"version-history":[{"count":40,"href":"https:\/\/tupungato.gov.ar\/index.php?rest_route=\/wp\/v2\/pages\/2283\/revisions"}],"predecessor-version":[{"id":43597,"href":"https:\/\/tupungato.gov.ar\/index.php?rest_route=\/wp\/v2\/pages\/2283\/revisions\/43597"}],"wp:attachment":[{"href":"https:\/\/tupungato.gov.ar\/index.php?rest_route=%2Fwp%2Fv2%2Fmedia&parent=2283"}],"curies":[{"name":"wp","href":"https:\/\/api.w.org\/{rel}","templated":true}]}}