{"id":2278,"date":"2024-09-27T21:43:37","date_gmt":"2024-09-28T00:43:37","guid":{"rendered":"http:\/\/tupungato.gov.ar\/?page_id=2278"},"modified":"2025-08-14T11:53:53","modified_gmt":"2025-08-14T14:53:53","slug":"marco-legal","status":"publish","type":"page","link":"https:\/\/tupungato.gov.ar\/?page_id=2278","title":{"rendered":"Marco Legal"},"content":{"rendered":"\t\t<div data-elementor-type=\"wp-page\" data-elementor-id=\"2278\" class=\"elementor elementor-2278\" data-elementor-post-type=\"page\">\n\t\t\t\t<div class=\"elementor-element elementor-element-251a400 e-flex e-con-boxed e-con e-parent\" data-id=\"251a400\" data-element_type=\"container\" data-e-type=\"container\">\n\t\t\t\t\t<div class=\"e-con-inner\">\n\t\t\t\t<div class=\"elementor-element elementor-element-ab48a73 elementor-widget elementor-widget-heading\" data-id=\"ab48a73\" data-element_type=\"widget\" data-e-type=\"widget\" data-widget_type=\"heading.default\">\n\t\t\t\t<div class=\"elementor-widget-container\">\n\t\t\t\t\t<h2 class=\"elementor-heading-title elementor-size-default\">Marco Legal<\/h2>\t\t\t\t<\/div>\n\t\t\t\t<\/div>\n\t\t\t\t\t<\/div>\n\t\t\t\t<\/div>\n\t\t<div class=\"elementor-element elementor-element-6d5afae e-flex e-con-boxed e-con e-parent\" data-id=\"6d5afae\" data-element_type=\"container\" data-e-type=\"container\">\n\t\t\t\t\t<div class=\"e-con-inner\">\n\t\t<div class=\"elementor-element elementor-element-e10f2b7 e-con-full e-flex e-con e-child\" data-id=\"e10f2b7\" data-element_type=\"container\" data-e-type=\"container\">\n\t\t\t\t<div class=\"elementor-element elementor-element-dfa23dd elementor-widget elementor-widget-image\" data-id=\"dfa23dd\" data-element_type=\"widget\" data-e-type=\"widget\" data-widget_type=\"image.default\">\n\t\t\t\t<div class=\"elementor-widget-container\">\n\t\t\t\t\t\t\t\t\t\t\t\t\t\t\t<img fetchpriority=\"high\" decoding=\"async\" width=\"1024\" height=\"1024\" src=\"https:\/\/tupungato.gov.ar\/wp-content\/uploads\/2024\/11\/MUNICIPIO-1024x1024.webp\" class=\"attachment-large size-large wp-image-39537\" alt=\"\" srcset=\"https:\/\/tupungato.gov.ar\/wp-content\/uploads\/2024\/11\/MUNICIPIO-1024x1024.webp 1024w, https:\/\/tupungato.gov.ar\/wp-content\/uploads\/2024\/11\/MUNICIPIO-300x300.webp 300w, https:\/\/tupungato.gov.ar\/wp-content\/uploads\/2024\/11\/MUNICIPIO-150x150.webp 150w, https:\/\/tupungato.gov.ar\/wp-content\/uploads\/2024\/11\/MUNICIPIO-768x768.webp 768w, https:\/\/tupungato.gov.ar\/wp-content\/uploads\/2024\/11\/MUNICIPIO-1536x1536.webp 1536w, https:\/\/tupungato.gov.ar\/wp-content\/uploads\/2024\/11\/MUNICIPIO.webp 1600w\" sizes=\"(max-width: 1024px) 100vw, 1024px\" \/>\t\t\t\t\t\t\t\t\t\t\t\t\t\t\t<\/div>\n\t\t\t\t<\/div>\n\t\t\t\t<\/div>\n\t\t<div class=\"elementor-element elementor-element-21fc595 e-con-full e-flex e-con e-child\" data-id=\"21fc595\" data-element_type=\"container\" data-e-type=\"container\">\n\t\t\t\t<div class=\"elementor-element elementor-element-59691ff elementor-widget elementor-widget-text-editor\" data-id=\"59691ff\" data-element_type=\"widget\" data-e-type=\"widget\" data-widget_type=\"text-editor.default\">\n\t\t\t\t<div class=\"elementor-widget-container\">\n\t\t\t\t\t\t\t\t\t<p>El r\u00e9gimen municipal de la Provincia de Mendoza es de tipo \u201cdepartamental\u201d. Esto significa que existe un s\u00f3lo Municipio por unidad de divisi\u00f3n pol\u00edtica. Cada Municipalidad tiene un territorio claramente definido y fijo y no existe ning\u00fan espacio geogr\u00e1fico excluido de la jurisdicci\u00f3n municipal. Este r\u00e9gimen rige tambi\u00e9n en unas pocas provincias argentinas (San Juan, La Rioja, Buenos Aires). Existen adem\u00e1s, otras diferencias notables entre los reg\u00edmenes municipales de cada provincia, como las referidas al n\u00famero de habitantes a partir del cual una localidad se constituye en Municipio, la posibilidad de fusionarlos o desmembrarlos, las atribuciones impositivas, el grado de autonom\u00eda, etc.<\/p><p>En cuanto a competencias, las municipalidades de Mendoza ejercen funciones delegadas que emanan de la Constituci\u00f3n Provincial (Art. 197 a 210) y de la Ley Org\u00e1nica Municipal N\u00ba1079 (y sus modificatorias). Es decir, no poseen competencias originarias, por lo que no pueden atender aqu\u00e9llas que no les han sido acordadas. Por lo tanto, su grado de autonom\u00eda es limitado en cuanto a lo jur\u00eddico, no cumpli\u00e9ndose a\u00fan con el mandato de la Constituci\u00f3n Nacional reformada en 1994.<\/p><p>Existen dieciocho departamentos en la Provincia. Su n\u00famero no puede ser disminuido, pero la Legislatura puede crear nuevos, separ\u00e1ndolos de los existentes.<\/p><p>Asimismo, tampoco se distinguen categor\u00edas entre ellos por lo que inicialmente a todos les corresponden las mismas competencias y responsabilidades. Adem\u00e1s, todos participan de una Ley de Participaci\u00f3n Municipal de recursos provinciales, con un sistema de distribuci\u00f3n autom\u00e1tico (Ley 6396 y modificatorias).<\/p><p>De la Constituci\u00f3n Provincial, de la Ley Org\u00e1nica de Municipalidades 1079 y dem\u00e1s normativas vigentes, se deduce la reglamentaci\u00f3n legal a la cual est\u00e1 alcanzada la Municipalidad de la Ciudad de Mendoza.<\/p><p>A continuaci\u00f3n puede descargar los siguientes documentos legales:<\/p><p><strong><a href=\"http:\/\/www.saij.gob.ar\/nacional-constitucion-nacional-constitucion-nacion-argentina-lns0002665-1994-08-22\/123456789-0abc-defg-g56-62000scanyel?&amp;o=0&amp;f=Total%7CTipo%20de%20Documento%7CFecha%7CTema%5B5%2C1%5D%7COrganismo%5B5%2C1%5D%7CAutor%5B5%2C1%5D%7CEstado%20de%20Vigencia%5B5%2C1%5D%7CJurisdicci%F3n%5B5%2C1%5D%7CTribunal%5B5%2C1%5D%7CPublicaci%F3n%5B5%2C1%5D%7CColecci%F3n%20tem%E1tica%5B5%2C1%5D&amp;t=356603\" target=\"_blank\" rel=\"noopener\">Constituci\u00f3n Nacional\u00a0<\/a><\/strong>\u2013\u00a0Constituci\u00f3n Nacional en el Sistema Argentino de Informaci\u00f3n Jur\u00eddica.<\/p><p><strong><a href=\"http:\/\/www.saij.gob.ar\/local-mendoza-constitucion-provincia-mendoza-lpm0000000-1916-02-11\/123456789-0abc-defg-000-0000mvorpyel?&amp;o=0&amp;f=Total%7CTipo%20de%20Documento%7CFecha%7CTema%5B5%2C1%5D%7COrganismo%5B5%2C1%5D%7CAutor%5B5%2C1%5D%7CEstado%20de%20Vigencia%5B5%2C1%5D%7CJurisdicci%F3n%5B5%2C1%5D%7CTribunal%5B5%2C1%5D%7CPublicaci%F3n%5B5%2C1%5D%7CColecci%F3n%20tem%E1tica%5B5%2C1%5D&amp;t=146528\" target=\"_blank\" rel=\"noopener\">Constituci\u00f3n Provincial<\/a><\/strong>\u00a0\u2013\u00a0Constituci\u00f3n Provincial en el Sistema Argentino de Informaci\u00f3n Jur\u00eddica.<\/p><p><strong><a href=\"http:\/\/www.saij.gob.ar\/1079-local-mendoza-ley-organica-municipalidades-lpm0001079-1934-01-04\/123456789-0abc-defg-970-1000mvorpyel?&amp;o=6&amp;f=Total%7CTipo%20de%20Documento%7CFecha%7CTema%5B5%2C1%5D%7COrganismo%5B5%2C1%5D%7CAutor%5B5%2C1%5D%7CEstado%20de%20Vigencia%5B5%2C1%5D%7CJurisdicci%F3n%5B5%2C1%5D%7CTribunal%5B5%2C1%5D%7CPublicaci%F3n%5B5%2C1%5D%7CColecci%F3n%20tem%E1tica%5B5%2C1%5D&amp;t=351621\" target=\"_blank\" rel=\"noopener\">Ley Org\u00e1nica de Municipalidades<\/a><\/strong>\u00a0\u2013 Ley Prg\u00e1nica de Municipalidad\u00a0en el Sistema Argentino de Informaci\u00f3n Jur\u00eddica.<\/p><p><strong><a href=\"http:\/\/www.saij.gob.ar\/7314-local-mendoza-politica-fiscal-provincia-mendoza-lpm0007314-2004-12-22\/123456789-0abc-defg-413-7000mvorpyel?&amp;o=2&amp;f=Total%7CTipo%20de%20Documento%7CFecha%7CTema%5B5%2C1%5D%7COrganismo%5B5%2C1%5D%7CAutor%5B5%2C1%5D%7CEstado%20de%20Vigencia%5B5%2C1%5D%7CJurisdicci%F3n%5B5%2C1%5D%7CTribunal%5B5%2C1%5D%7CPublicaci%F3n%5B5%2C1%5D%7CColecci%F3n%20tem%E1tica%5B5%2C1%5D&amp;t=410881\">Ley Provincial de Responsabilidad Fiscal\u00a0<\/a><\/strong>\u2013\u00a0Ley Provincial de Responsabilidad Fiscal\u00a0en el Sistema Argentino de Informaci\u00f3n Jur\u00eddica.<\/p><p><a href=\"http:\/\/www.saij.gob.ar\/25917-nacional-creacion-regimen-responsabilidad-fiscal-consejo-federal-responsabilidad-fiscal-lns0004878-2004-08-04\/123456789-0abc-defg-g87-84000scanyel?&amp;o=0&amp;f=Total%7CTipo%20de%20Documento%7CFecha%7CTema%5B5%2C1%5D%7COrganismo%5B5%2C1%5D%7CAutor%5B5%2C1%5D%7CEstado%20de%20Vigencia%5B5%2C1%5D%7CJurisdicci%F3n%5B5%2C1%5D%7CTribunal%5B5%2C1%5D%7CPublicaci%F3n%5B5%2C1%5D%7CColecci%F3n%20tem%E1tica%5B5%2C1%5D&amp;t=424634\"><strong>Norma de la LRFN N.\u00ba 25.917<\/strong>\u00a0<\/a>\u2013\u00a0Norma de la LRFN N\u00ba 25.917\u00a0en el Sistema Argentino de Informaci\u00f3n Jur\u00eddica.<\/p>\t\t\t\t\t\t\t\t<\/div>\n\t\t\t\t<\/div>\n\t\t\t\t<\/div>\n\t\t\t\t\t<\/div>\n\t\t\t\t<\/div>\n\t\t\t\t<\/div>\n\t\t","protected":false},"excerpt":{"rendered":"<p>Marco Legal El r\u00e9gimen municipal de la Provincia de Mendoza es de tipo \u201cdepartamental\u201d. Esto significa que existe un s\u00f3lo [&hellip;]<\/p>\n","protected":false},"author":1,"featured_media":0,"parent":0,"menu_order":0,"comment_status":"closed","ping_status":"closed","template":"","meta":{"_acf_changed":false,"site-sidebar-layout":"no-sidebar","site-content-layout":"page-builder","ast-site-content-layout":"full-width-container","site-content-style":"default","site-sidebar-style":"default","ast-global-header-display":"","ast-banner-title-visibility":"","ast-main-header-display":"","ast-hfb-above-header-display":"","ast-hfb-below-header-display":"","ast-hfb-mobile-header-display":"","site-post-title":"disabled","ast-breadcrumbs-content":"","ast-featured-img":"disabled","footer-sml-layout":"","ast-disable-related-posts":"","theme-transparent-header-meta":"","adv-header-id-meta":"","stick-header-meta":"","header-above-stick-meta":"","header-main-stick-meta":"","header-below-stick-meta":"","astra-migrate-meta-layouts":"default","ast-page-background-enabled":"default","ast-page-background-meta":{"desktop":{"background-color":"var(--ast-global-color-4)","background-image":"","background-repeat":"repeat","background-position":"center center","background-size":"auto","background-attachment":"scroll","background-type":"","background-media":"","overlay-type":"","overlay-color":"","overlay-opacity":"","overlay-gradient":""},"tablet":{"background-color":"","background-image":"","background-repeat":"repeat","background-position":"center center","background-size":"auto","background-attachment":"scroll","background-type":"","background-media":"","overlay-type":"","overlay-color":"","overlay-opacity":"","overlay-gradient":""},"mobile":{"background-color":"","background-image":"","background-repeat":"repeat","background-position":"center center","background-size":"auto","background-attachment":"scroll","background-type":"","background-media":"","overlay-type":"","overlay-color":"","overlay-opacity":"","overlay-gradient":""}},"ast-content-background-meta":{"desktop":{"background-color":"var(--ast-global-color-5)","background-image":"","background-repeat":"repeat","background-position":"center center","background-size":"auto","background-attachment":"scroll","background-type":"","background-media":"","overlay-type":"","overlay-color":"","overlay-opacity":"","overlay-gradient":""},"tablet":{"background-color":"var(--ast-global-color-5)","background-image":"","background-repeat":"repeat","background-position":"center center","background-size":"auto","background-attachment":"scroll","background-type":"","background-media":"","overlay-type":"","overlay-color":"","overlay-opacity":"","overlay-gradient":""},"mobile":{"background-color":"var(--ast-global-color-5)","background-image":"","background-repeat":"repeat","background-position":"center center","background-size":"auto","background-attachment":"scroll","background-type":"","background-media":"","overlay-type":"","overlay-color":"","overlay-opacity":"","overlay-gradient":""}},"footnotes":""},"class_list":["post-2278","page","type-page","status-publish","hentry"],"acf":[],"_links":{"self":[{"href":"https:\/\/tupungato.gov.ar\/index.php?rest_route=\/wp\/v2\/pages\/2278","targetHints":{"allow":["GET"]}}],"collection":[{"href":"https:\/\/tupungato.gov.ar\/index.php?rest_route=\/wp\/v2\/pages"}],"about":[{"href":"https:\/\/tupungato.gov.ar\/index.php?rest_route=\/wp\/v2\/types\/page"}],"author":[{"embeddable":true,"href":"https:\/\/tupungato.gov.ar\/index.php?rest_route=\/wp\/v2\/users\/1"}],"replies":[{"embeddable":true,"href":"https:\/\/tupungato.gov.ar\/index.php?rest_route=%2Fwp%2Fv2%2Fcomments&post=2278"}],"version-history":[{"count":41,"href":"https:\/\/tupungato.gov.ar\/index.php?rest_route=\/wp\/v2\/pages\/2278\/revisions"}],"predecessor-version":[{"id":49952,"href":"https:\/\/tupungato.gov.ar\/index.php?rest_route=\/wp\/v2\/pages\/2278\/revisions\/49952"}],"wp:attachment":[{"href":"https:\/\/tupungato.gov.ar\/index.php?rest_route=%2Fwp%2Fv2%2Fmedia&parent=2278"}],"curies":[{"name":"wp","href":"https:\/\/api.w.org\/{rel}","templated":true}]}}